{"id":99,"date":"2012-09-14T22:29:27","date_gmt":"2012-09-14T19:29:27","guid":{"rendered":"http:\/\/www.patmostours.com\/pt\/?page_id=99"},"modified":"2013-01-11T16:43:15","modified_gmt":"2013-01-11T14:43:15","slug":"espirito-de-patmos-tour","status":"publish","type":"page","link":"https:\/\/www.patmostours.com\/pt\/espirito-de-patmos-tour.html","title":{"rendered":"Espirito de Patmos Tour"},"content":{"rendered":"<h3><\/h3>\n<table style=\"border: 1px solid #8DABC2; background-color: #f0f8ff; width: 100%;\" cellspacing=\"5\">\n<tbody>\n<tr>\n<td width=\"460\">[image width=&#8221;450&#8243; height=&#8221;180&#8243; frame=&#8221;zoom&#8221; url=&#8221;https:\/\/www.patmostours.com\/pt\/wp-content\/uploads\/2012\/09\/811329811.jpg&#8221; align=&#8221;center&#8221;]https:\/\/www.patmostours.com\/pt\/wp-content\/uploads\/2012\/09\/811329811.jpg[\/image]<\/td>\n<td align=\"left\" valign=\"top\"><strong><br \/>\nDura\u00e7\u00e3o:\u00a0<\/strong>4 horas 30 min<\/p>\n<p style=\"text-align: justify;\"><strong><\/strong><strong>Descri\u00e7\u00e3o:<\/strong>Partida para visitar um mosteiro do s\u00e9culo 17 ea Caverna do Apocalipse constru\u00eddo em torno do mosteiro.<\/p>\n<hr \/>\n<p><a id=\"btn1\" class=\"more-link\" href=\"#\">RESERVEJ\u00c1<\/a><\/td>\n<\/tr>\n<\/tbody>\n<\/table>\n\n<div class=\"wpcf7 no-js\" id=\"wpcf7-f179-o1\" lang=\"\" dir=\"ltr\">\n<div class=\"screen-reader-response\"><p role=\"status\" aria-live=\"polite\" aria-atomic=\"true\"><\/p> <ul><\/ul><\/div>\n<form action=\"\/pt\/wp-json\/wp\/v2\/pages\/99#wpcf7-f179-o1\" method=\"post\" class=\"wpcf7-form init\" aria-label=\"Contact form\" novalidate=\"novalidate\" data-status=\"init\">\n<div style=\"display: none;\">\n<input type=\"hidden\" name=\"_wpcf7\" value=\"179\" \/>\n<input type=\"hidden\" name=\"_wpcf7_version\" value=\"5.7.5.1\" \/>\n<input type=\"hidden\" name=\"_wpcf7_locale\" value=\"\" \/>\n<input type=\"hidden\" name=\"_wpcf7_unit_tag\" value=\"wpcf7-f179-o1\" \/>\n<input type=\"hidden\" name=\"_wpcf7_container_post\" value=\"0\" \/>\n<input type=\"hidden\" name=\"_wpcf7_posted_data_hash\" value=\"\" \/>\n<\/div>\n<p><script type=\"text\/javascript\">\njQuery(document).ready(function()\n {\n jQuery(\"#btn1\").click(function(){\n jQuery(\"#box\").animate({height:\"550px\"});\n });\n jQuery(\"#rq\").click(function(){\n jQuery(\"#box\").animate({height:\"550px\"});\n });\n});\n<\/script>\n<\/p>\n<div id=\"box\">\n\t<table border=\"0\" width=\"99%\" cellspacing=\"0\" cellpadding=\"0\" class=\"formc\">\n\t\t<tr>\n\t\t\t<td colspan=\"2\">\n\t\t\t\t<p><strong>Tipo de Reserva<\/strong>\n\t\t\t\t<\/p>\n\t\t\t<\/td>\n\t\t<\/tr>\n\t\t<tr>\n\t\t\t<td colspan=\"2\">\n\t\t\t\t<p><span class=\"wpcf7-form-control-wrap\" data-name=\"menu-531\"><select class=\"wpcf7-form-control wpcf7-select wpcf7-validates-as-required\" aria-required=\"true\" aria-invalid=\"false\" name=\"menu-531\"><option value=\"\">&#8212;Please choose an option&#8212;<\/option><option value=\"Reserva tour Privado\">Reserva tour Privado<\/option><option value=\"Reserva tour Regular\">Reserva tour Regular<\/option><\/select><\/span>\n\t\t\t\t<\/p>\n\t\t\t<\/td>\n\t\t<\/tr>\n\t\t<tr>\n\t\t\t<td align=\"left\">\n\t\t\t\t<p><em>Data de Chegada<\/em>\n\t\t\t\t<\/p>\n\t\t\t<\/td>\n\t\t\t<td align=\"left\">\n\t\t\t\t<p><em>Data de Partida<\/em>\n\t\t\t\t<\/p>\n\t\t\t<\/td>\n\t\t<\/tr>\n\t\t<tr>\n\t\t\t<td>\n\t\t\t\t<p><span class=\"wpcf7-form-control-wrap date-402\"><input size=\"40\" class=\"wpcf7-form-control wpcf7-date\" type=\"text\" value=\"\" name=\"date-402\" \/> <\/span>\n\t\t\t\t<\/p>\n\t\t\t<\/td>\n\t\t\t<td>\n\t\t\t\t<p><span class=\"wpcf7-form-control-wrap date-618\"><input size=\"40\" class=\"wpcf7-form-control wpcf7-date\" type=\"text\" value=\"\" name=\"date-618\" \/> <\/span>\n\t\t\t\t<\/p>\n\t\t\t<\/td>\n\t\t<\/tr>\n\t\t<tr>\n\t\t\t<td colspan=\"2\">\n\t\t\t\t<p><strong>Numero total de Participante<\/strong>\n\t\t\t\t<\/p>\n\t\t\t<\/td>\n\t\t<\/tr>\n\t\t<tr>\n\t\t\t<td align=\"left\">\n\t\t\t\t<p><em>Adulto<\/em>\n\t\t\t\t<\/p>\n\t\t\t<\/td>\n\t\t\t<td align=\"left\">\n\t\t\t\t<p><em>Crian\u00e7as<\/em>\n\t\t\t\t<\/p>\n\t\t\t<\/td>\n\t\t<\/tr>\n\t\t<tr>\n\t\t\t<td>\n\t\t\t\t<p><span class=\"wpcf7-form-control-wrap\" data-name=\"menu-350\"><select class=\"wpcf7-form-control wpcf7-select wpcf7-validates-as-required\" aria-required=\"true\" aria-invalid=\"false\" name=\"menu-350\"><option value=\"\">&#8212;Please choose an option&#8212;<\/option><option value=\"1\">1<\/option><option value=\"2\">2<\/option><option value=\"3\">3<\/option><option value=\"4\">4<\/option><option value=\"5\">5<\/option><option value=\"6\">6<\/option><option value=\"7\">7<\/option><option value=\"8\">8<\/option><option value=\"9\">9<\/option><option value=\"10\">10<\/option><option value=\"&gt; 10\">&gt; 10<\/option><\/select><\/span>\n\t\t\t\t<\/p>\n\t\t\t<\/td>\n\t\t\t<td>\n\t\t\t\t<p><span class=\"wpcf7-form-control-wrap\" data-name=\"menu-617\"><select class=\"wpcf7-form-control wpcf7-select\" aria-invalid=\"false\" name=\"menu-617\"><option value=\"\">&#8212;Please choose an option&#8212;<\/option><option value=\"1\">1<\/option><option value=\"2\">2<\/option><option value=\"3\">3<\/option><option value=\"4\">4<\/option><option value=\"5\">5<\/option><option value=\"&gt; 5\">&gt; 5<\/option><\/select><\/span>\n\t\t\t\t<\/p>\n\t\t\t<\/td>\n\t\t<\/tr>\n\t\t<tr>\n\t\t\t<td valign=\"top\">\n\t\t\t\t<p>Nome e Sobrenome (obrigat\u00f3rio)\n\t\t\t\t<\/p>\n\t\t\t\t<p><span class=\"wpcf7-form-control-wrap\" data-name=\"your-name\"><input size=\"40\" class=\"wpcf7-form-control wpcf7-text wpcf7-validates-as-required\" aria-required=\"true\" aria-invalid=\"false\" value=\"\" type=\"text\" name=\"your-name\" \/><\/span>\n\t\t\t\t<\/p>\n\t\t\t\t<p>E-mail (obrigat\u00f3rio)\n\t\t\t\t<\/p>\n\t\t\t\t<p><span class=\"wpcf7-form-control-wrap\" data-name=\"your-email\"><input size=\"40\" class=\"wpcf7-form-control wpcf7-text wpcf7-email wpcf7-validates-as-required wpcf7-validates-as-email\" aria-required=\"true\" aria-invalid=\"false\" value=\"\" type=\"email\" name=\"your-email\" \/><\/span>\n\t\t\t\t<\/p>\n\t\t\t\t<p>Telefone (obrigat\u00f3rio)\n\t\t\t\t<\/p>\n\t\t\t\t<p><span class=\"wpcf7-form-control-wrap\" data-name=\"your-phone\"><input size=\"40\" class=\"wpcf7-form-control wpcf7-text wpcf7-validates-as-required\" aria-required=\"true\" aria-invalid=\"false\" value=\"\" type=\"text\" name=\"your-phone\" \/><\/span>\n\t\t\t\t<\/p>\n\t\t\t\t<p>Digite o c\u00f3digo abaixo *\n\t\t\t\t<\/p>\n\t\t\t\t<p><input type=\"hidden\" name=\"_wpcf7_captcha_challenge_captcha-844\" value=\"1922491969\" \/><img class=\"wpcf7-form-control wpcf7-captchac wpcf7-captcha-captcha-844\" width=\"72\" height=\"24\" alt=\"captcha\" src=\"https:\/\/www.patmostours.com\/pt\/wp-content\/uploads\/wpcf7_captcha\/1922491969.png\" \/>\n\t\t\t\t<\/p>\n\t\t\t\t<p><span class=\"wpcf7-form-control-wrap\" data-name=\"captcha-844\"><input size=\"40\" class=\"wpcf7-form-control wpcf7-captchar\" autocomplete=\"off\" aria-invalid=\"false\" value=\"\" type=\"text\" name=\"captcha-844\" \/><\/span>\n\t\t\t\t<\/p>\n\t\t\t<\/td>\n\t\t\t<td>\n\t\t\t\t<p>Coment\u00e1rios\n\t\t\t\t<\/p>\n\t\t\t\t<p><span class=\"wpcf7-form-control-wrap\" data-name=\"your-message\"><textarea cols=\"40\" rows=\"10\" class=\"wpcf7-form-control wpcf7-textarea\" aria-invalid=\"false\" name=\"your-message\"><\/textarea><\/span>\n\t\t\t\t<\/p>\n\t\t\t\t<p><input type=\"submit\" value=\"SUBMETER\" class=\"more-link\" \/>\n\t\t\t\t<\/p>\n\t\t\t<\/td>\n\t\t<\/tr>\n\t<\/table>\n<\/div><div class=\"wpcf7-response-output\" aria-hidden=\"true\"><\/div>\n<\/form>\n<\/div>\n\n<p><em><strong>Caverna do Apocalipse, o Mosteiro de S\u00e3o Jo\u00e3o, Casa de Simandiris, Grikos, dan\u00e7as folcl\u00f3ricas<\/strong><\/em><\/p>\n<p style=\"text-align: justify;\">Sa\u00edda para visita ao \u00a0mosteiro do s\u00e9culo 17 e a Caverna do Apocalipse constru\u00edda\u00a0 em torno do Mosteiro.Os\u00a0 peregrinos t\u00eam vindo a Patmos para ver a caverna sagrada durante s\u00e9culos. Sao Joao recebeu sua revela\u00e7\u00e3o na caverna e escreveu o \u00faltimo livro do Novo Testamento. A caverna \u00e9 grande, mas baixo, de modo que voc\u00ea podera\u00a0 facilmente\u00a0 entrar na \u00a0caverna e apreciar o teto. Este \u00a0\u00e9 marcado com mosaico retratando as vis\u00f5es de Jo\u00e3o e no interior da gruta pequena, voc\u00ea pode ver o local de repouso noturno\u00a0 de Sao Joao.<\/p>\n<p style=\"text-align: justify;\">O Mosteiro de S\u00e3o Jo\u00e3o esta \u00a0localizado no topo da colina e consiste \u00a0em p\u00e1tios de interconex\u00e3o, capelas, escadas, galerias \u00a0e terra\u00e7o.Hidden teto nas paredes s\u00e3o fragmentos de um antigo Templo de Artemis, que foi destru\u00edda na biblioteca no seculo\u00a0 11.O \u00a0Mosteiro foi encontrado por Hosios Christodoulos. Hoje, a biblioteca tem 900 manuscritos.O \u00a0museu tem algumas exposi\u00e7\u00f5es de classe mundial (incluindo documentos ourivesaria e t\u00eaxteis), cobrindo mais de um \u00a0milenio.La estao\u00a0 \u00a0escritos antigos que datam de 1073, \u00edcones e pinturas religiosas, incluindo um original El Greco.<\/p>\n<p style=\"text-align: justify;\">Depois da visita ao \u00a0mosteiro, iremos visitar uma das casas tradicionais Patmian, a Casa de \u00a0300 anos de idade da fam\u00edlia Simandiris. Entre os seus muitos tesouros s\u00e3o espelhos lindamente dourados, pratas, quadros, lustres e m\u00f3veis r\u00fasticos de brocado requintados. Esta visita oferece-lhe um visual excepcional para o past.Depois \u00a0continuaremos\u00a0 \u00a0a &#8220;Aloni&#8221; restaurante para \u00a0desfrutarmos \u00a0de alguns\u00a0 petiscos gregos enquanto assistimos \u00a0a um espect\u00e1culo de folclore grego, onde podemos\u00a0 participar. Retorno a Skala no final da turn\u00ea.<\/p>\n<h5><strong>As excurs\u00f5es podem ser fornecidas nos seguintes idiomas:<\/strong><\/h5>\n<ul>\n<li>Ingl\u00eas &#8211; Franc\u00eas &#8211; Alem\u00e3o &#8211; Sueco &#8211; Espanhol &#8211; Italiano &#8211; Grego<\/li>\n<li>S\u00e9rvio e russo, a pedido<\/li>\n<\/ul>\n<p>&nbsp;<\/p>\n<h5><strong>Condi\u00e7\u00f5es \u00a0sobre o Tour<\/strong><\/h5>\n<ul>\n<li>Mulheres com saias cobrindo os joelhos, blusas cobrindo seus ombros e etc.<\/li>\n<li>Homens com cal\u00e7as que cobrem seus joelhos, camisas cobrindo seus ombros e etc.<\/li>\n<li>Caminhando\u00a0 pela\u00a0 primeira parte \u00a0da turn\u00ea.<\/li>\n<li>Instala\u00e7\u00f5es sanit\u00e1rias est\u00e3o dispon\u00edveis.<\/li>\n<li>Caminhando 120 degraus pra ter acesso ao \u00a0Mosteiro \u00a0e\u00a0 a gruta.<\/li>\n<li>N\u00e3o h\u00e1 instala\u00e7\u00f5es para pessoas com necessidades especiais.<\/li>\n<\/ul>\n<p>[one-third]<\/p>\n<h5><strong>O que est\u00e1 inclu\u00eddo<\/strong><\/h5>\n<ul>\n<li>Todas as tarifas de excurs\u00e3o,<\/li>\n<li>Onibus\u00a0 ou micro\u00f4nibus com ar condicionado,\u00a0 motorista e acompanhamento de guia.<\/li>\n<li>Lanches gregos e Ouzo em Chora.<\/li>\n<\/ul>\n<p>&nbsp;<\/p>\n<p>[\/one-third]<\/p>\n<p>[one-thirdlast]<\/p>\n<h5><strong>O que n\u00e3o est\u00e1 inclu\u00eddo<\/strong><\/h5>\n<ul>\n<li>Despesas pessoais.<\/li>\n<\/ul>\n<p>[\/one-thirdlast]<\/p>\n<div>\n<p>[hr-top]<\/p>\n<\/div>\n<table cellspacing=\"0\" cellpadding=\"0\">\n<tbody>\n<tr>\n<td colspan=\"6\">\n<h5 style=\"text-align: center;\"><strong>Pre\u00e7os\u00a0 para\u00a0 esta\u00a0 turne\u00a0\u00a0 a\u00a0 \u00a0Patmos por Pessoa<\/strong><\/h5>\n<\/td>\n<\/tr>\n<tr>\n<td style=\"text-align: center;\"><strong>01 Pax<\/strong><\/td>\n<td style=\"text-align: center;\"><strong>02-04\u00a0Pax<\/strong><\/td>\n<td style=\"text-align: center;\"><strong>05-09\u00a0Pax<\/strong><\/td>\n<td style=\"text-align: center;\"><strong>10-14\u00a0Pax<\/strong><\/td>\n<td style=\"text-align: center;\"><strong>15-19\u00a0Pax<\/strong><\/td>\n<td style=\"text-align: center;\"><strong>20-24\u00a0Pax<\/strong><\/td>\n<\/tr>\n<tr>\n<td style=\"text-align: center;\">.- \u20ac<\/td>\n<td style=\"text-align: center;\">.- \u20ac<\/td>\n<td style=\"text-align: center;\">.- \u20ac<\/td>\n<td style=\"text-align: center;\">&#8211; \u20ac<\/td>\n<td style=\"text-align: center;\">.- \u20ac<\/td>\n<td style=\"text-align: center;\">60.- \u20ac<\/td>\n<\/tr>\n<tr>\n<td colspan=\"6\"><span style=\"color: #ff0000;\"><strong>* Participa\u00e7\u00e3o m\u00ednima\u00a0 <span style=\"text-decoration: underline;\">20 Passageiros<\/span>.<\/strong><\/span><\/td>\n<\/tr>\n<\/tbody>\n<\/table>\n<p>&nbsp;<\/p>\n<p>&nbsp;<\/p>\n","protected":false},"excerpt":{"rendered":"<p>[image width=&#8221;450&#8243; height=&#8221;180&#8243; frame=&#8221;zoom&#8221; url=&#8221;https:\/\/www.patmostours.com\/pt\/wp-content\/uploads\/2012\/09\/811329811.jpg&#8221; align=&#8221;center&#8221;]https:\/\/www.patmostours.com\/pt\/wp-content\/uploads\/2012\/09\/811329811.jpg[\/image] Dura\u00e7\u00e3o:\u00a04 horas 30 min Descri\u00e7\u00e3o:Partida para visitar um mosteiro do s\u00e9culo 17 ea Caverna do Apocalipse constru\u00eddo em torno do mosteiro. RESERVEJ\u00c1 Caverna do Apocalipse, o Mosteiro de S\u00e3o Jo\u00e3o, Casa de Simandiris, Grikos, &hellip; <a href=\"https:\/\/www.patmostours.com\/pt\/espirito-de-patmos-tour.html\">Continue reading <span class=\"meta-nav\">&rarr;<\/span><\/a><\/p>\n","protected":false},"author":1,"featured_media":0,"parent":0,"menu_order":0,"comment_status":"open","ping_status":"closed","template":"page-sidebar.php","meta":[],"tags":[62,61,59,63,64,60,66,65],"aioseo_notices":[],"_links":{"self":[{"href":"https:\/\/www.patmostours.com\/pt\/wp-json\/wp\/v2\/pages\/99"}],"collection":[{"href":"https:\/\/www.patmostours.com\/pt\/wp-json\/wp\/v2\/pages"}],"about":[{"href":"https:\/\/www.patmostours.com\/pt\/wp-json\/wp\/v2\/types\/page"}],"author":[{"embeddable":true,"href":"https:\/\/www.patmostours.com\/pt\/wp-json\/wp\/v2\/users\/1"}],"replies":[{"embeddable":true,"href":"https:\/\/www.patmostours.com\/pt\/wp-json\/wp\/v2\/comments?post=99"}],"version-history":[{"count":0,"href":"https:\/\/www.patmostours.com\/pt\/wp-json\/wp\/v2\/pages\/99\/revisions"}],"wp:attachment":[{"href":"https:\/\/www.patmostours.com\/pt\/wp-json\/wp\/v2\/media?parent=99"}],"wp:term":[{"taxonomy":"post_tag","embeddable":true,"href":"https:\/\/www.patmostours.com\/pt\/wp-json\/wp\/v2\/tags?post=99"}],"curies":[{"name":"wp","href":"https:\/\/api.w.org\/{rel}","templated":true}]}}