{"id":38,"date":"2012-09-14T19:24:36","date_gmt":"2012-09-14T16:24:36","guid":{"rendered":"http:\/\/www.patmostours.com\/pt\/?page_id=38"},"modified":"2013-01-28T10:08:21","modified_gmt":"2013-01-28T08:08:21","slug":"abaut-patmos","status":"publish","type":"page","link":"https:\/\/www.patmostours.com\/pt\/abaut-patmos.html","title":{"rendered":"Sobre Patmos"},"content":{"rendered":"<p style=\"text-align: justify;\">Declarad\u00f3 isla Santo por \u00a0decreto ministerial, nada mas llegar al muelle esta advertido que el nudismo y otros comportamientos indecentes no ser\u00e1 tolerado. Es la evidencia de que Patmos significa hist\u00f3riay religion. Patmos es parte del grupo de islas del Dodecaneso en el Egeo. Las islas Dodecaneso son 12 islas, han manegado a trav\u00e9s de su pasado \u00fanico, para amasar una de las colecciones m\u00e1s inusuales y m\u00e1s convincente de la cultura y la arquitectura en la cuenca Mediterr\u00e1neo. A lo largo de siglos fue pais de los \u00a0Dorios, la regi\u00f3n fue capturado en 1309 por los Caballeros del Orden de San Juan. Patmos esta a s\u00f3lo 40 kil\u00f3metros de las costas Turcas.La hist\u00f3rica \u00a0iglesia de San Juan est\u00e1 situado en la hist\u00f3rica capital de la isla, Chora.<\/p>\n<p style=\"text-align: justify;\">En tiempos antiguos, la gente de Patmos adoraba a Artemis, diosa de la caza. Que hab\u00eda nacido en la isla del mar.Orestes, \u00a0quien construi\u00f3 \u00a0Gran templo de Artemis despu\u00e9s de buscar refugio en Patmos para su madre \u00a0Clytemnestra quien estaba perseguida furiosamente por los enemigos que queri\u00e1n matarla.<\/p>\n<p style=\"text-align: justify;\">\u00a0Mientras que San Juan estaba en el exilio desde Efeso a Patmos, estableci\u00f3 una colonia Cristiana aqu\u00ed y supuestamente escribi\u00f3 el libro de Apocalipsis en una cueva con vistas al pueblo.En en principio \u00a0del siglo IV dC, cuando la fe Cristiana se extendi\u00f3 con el Imperio Bizantino, la bas\u00edlica sustituy\u00f3 y recuper\u00f3 importancia ya que \u00a0al templo de Artemis era arrasada.En el siglo XI el monasterio y las \u00a0fortificaciones \u00a0de San Juan fue construida en una colina que controla la totalidad de la isla.Hasta hace pocos siglos s\u00f3lo los monjes habitaron la isla, pero sabemos \u00a0cosas \u00a0de sus monta\u00f1as rocosas y austeros,serenidad de sus playas gracias a diario de San Juan. &#8220;Yo hab\u00eda arreglado mi viaje a Patmos por el 11&#8217;th de agosto a las dos de la tarde.<\/p>\n<p style=\"text-align: justify;\">Patmos hoy es animado y sofisticado, y hasta ahora ha logrado alcanzar con \u00e9xito un delicado equilibrio entre la popularidad de hoy y solemidad del pasado.La bandera amarilla con \u00e1guila negra bic\u00e9fala significa la vejez del Imperio Bizantino y la Iglesia Ortodoxa Griega.<\/p>\n<p style=\"text-align: justify;\">Los muros con torres y puerta de enlace imponente del Monasterio de San Juan, el Te\u00f3logo quiso que se vea m\u00e1s como una fortaleza que un lugar de culto. San.Christodoulos fund\u00f3 el monasterio 1088, casi 1000 a\u00f1os despu\u00e9s de la estancia de \u00a0San.Juan \u00a0el monumento mas famoso de la isla.Se transform\u00f3 en una fortaleza con almenas y torres de vigilancia. Al entrar en el patio, observe los frescos del siglo XVII, a la izquierda en el retrato esta dibujado los viajes y de los milagros \u00a0de San Juan el Evangelista, escrito por el disc\u00edpulo de Juan Prochoros.La \u00a0parte superior a la derecha en un fresco esta represendo el duo San.Juan\u00a0 con el sacerdote local, de Apollo llamado Kynops.Cuando el Santo Kynops lanz\u00f3 al agua en Skala, los paganos \u00a0que se convirtieron en rocas. Todav\u00eda en el muelle, si le preguntan a cualquier local para se\u00f1alar el cad\u00e1ver del infortunado hereje.<\/p>\n<p style=\"text-align: justify;\">Continuando a la Capilla de la Virgen Mar\u00eda que esta cubierta de frescos originales del siglo XII. Hay algunos retratos que fueron\u00a0 regalados por\u00a0 Caterina la grande de Rusia.<\/p>\n<p style=\"text-align: justify;\">A mitad de camino cuesta arriba en el camino forma de serpiente que conecta Chora y Skala (2 km de cada uno) existe un desv\u00edo \u00a0a otro monasterio, el Apocalipsis. Un gran complejo interconectado de edificios.Mucha gente que viene \u00a0aqu\u00ed es para ver la gruta sagrada de la revelaci\u00f3n, junto a la iglesia de Santa Ana.En \u00a0esta cueva, San Juan dict\u00f3 el libro del Apocalipsis, el \u00faltimo libro del Nuevo Testamento, despu\u00e9s de o\u00edr la voz de Dios proclam\u00f3 &#8220;Ahora escribe lo que ves,&#8221; Seg\u00fan la leyenda, cuando Dios habl\u00f3 a San Juan,en el \u00a0techo de la cueva se formo \u00a0una grieta de tres puntas que representa la trinidad.El lugar que esta chapado de plata es donde San Juan presumiblemente dorm\u00eda. En 1999, Chora hist\u00f3rico centro de la isla, junto con el Monasterio de San Juan y la gruta del Apocalipsis, fueron declaradas Patrimonio de la Humanidad por la UNESCO<\/p>\n<p style=\"text-align: justify;\"><strong>SKALA<\/strong><\/p>\n<p style=\"text-align: justify;\">Se construy\u00f3 en unos \u00a0arco de costas agraciada, Skala es un puerto limpio y colorido que s\u00f3lo da una idea de la diversidad de terreno de la isla.Patmos Skala es muelle de la isla no se desarroll\u00f3 hasta el siglo XIX, cuando el miedo a los los piratas disminuy\u00f3 y la gente podria \u00a0vivir de manera segura del mar.Los principales edificios administrativos, que fueron construidos como la oficina de correos y aduana, durante la ocupaci\u00f3n italiana (1912-1943). Hoy en d\u00eda, las iglesias encaladas se camuflan entre los edificios de la aldea, pero Skala tambi\u00e9n ofrece \u00a0otros edificios civiles caracter\u00edsticas de la isla: caf\u00e9s, bares, tabernas y tiendas.<\/p>\n<p style=\"text-align: justify;\">En Skala \u00a0todas las tiendas y servicios se concentra en una o dos cuadras alrededor \u00a0del muelle frente al mar.Mientras el muelle peque\u00f1o se encuentra en frente \u00a0de los caf\u00e9s y restaurantes, las grandes embarcaciones \u00a0atracan \u00a0en frente del edificio\u00a0 Italiano que alberga la polic\u00eda y correos.Los edificios bordean la plaza principal, donde estan los bancos alojados. Skala est\u00e1 en la parte estrecha de la isla.Si camina10 minutos desde el mar, usted estar\u00e1 en el otro lado de la isla.<\/p>\n<p style=\"text-align: justify;\"><strong>CHORA<\/strong><\/p>\n<p style=\"text-align: justify;\">Desde casi cualquier parte de Patmos, pueden verse \u00a0las casas blancas de Chora y las paredes grises majestuosas, del cercano monasterio de San Juan el Te\u00f3logo arriba. Recorrer en las laber\u00ednticas calles de Chora,los magn\u00edficos jardines escondi\u00e9ndose detr\u00e1s de las puertas de, todos c\u00f3modamente situados alrededor del monasterio, y \u00a0ver la costa y el archipielago de Patmos.Debido la complicada distribuci\u00f3n de la ciudad es impossiable dar \u00a0un mapa preciso de lugares de Patmos, disponibles en quioscos , tiendas y oficinas de turismo viene con una ilustraci\u00f3n esquem\u00e1tica de del pueblo.Los autobuses van de Chora a Skala cada 10 minutos, y dejan sus pasajeros \u00a0en la cima de la colina en las a fueras de la ciudad.<\/p>\n<p style=\"text-align: justify;\"><strong>GRIKOU<\/strong><\/p>\n<p style=\"text-align: justify;\">Grikou tiene una playa tur\u00edstica con opciones de alquilar equipos \u00a0de deportes acu\u00e1ticos, algunos hoteles y um par de restaurantes. Esta situado S\u00f3lo 5 km al suroeste de Skala, a 5 km al oeste de Chora, la ciudad es visitada por varios autobuses diarios. Cueva del Apocalipsis, Islas del Dodecaneso, Iglesia Ortodoxa Griega, Historia de Patmos, Holy isla de Patmos, el Monasterio de San Juan en Patmos, San Juan Te\u00f3logo el, puerto Skala en Patmos, San Juan el Evangelista en Patmos, el Apocalipsis de Patmos, El libro de Apocalipsis, el \u00faltimo libro del Nuevo Testamento, El Monasterio de St.Christodoulos en Patmos, el pueblo de Patmos, la Sagrada Gruta del Apocalipsis en Patmos, el Te\u00f3logo en Patmos<\/p>\n","protected":false},"excerpt":{"rendered":"<p>Declarad\u00f3 isla Santo por \u00a0decreto ministerial, nada mas llegar al muelle esta advertido que el nudismo y otros comportamientos indecentes no ser\u00e1 tolerado. Es la evidencia de que Patmos significa hist\u00f3riay religion. Patmos es parte del grupo de islas del &hellip; <a href=\"https:\/\/www.patmostours.com\/pt\/abaut-patmos.html\">Continue reading <span class=\"meta-nav\">&rarr;<\/span><\/a><\/p>\n","protected":false},"author":1,"featured_media":0,"parent":0,"menu_order":0,"comment_status":"open","ping_status":"closed","template":"page-sidebar.php","meta":[],"tags":[190,185,187,188,184,186,189,191,48,183],"aioseo_notices":[],"_links":{"self":[{"href":"https:\/\/www.patmostours.com\/pt\/wp-json\/wp\/v2\/pages\/38"}],"collection":[{"href":"https:\/\/www.patmostours.com\/pt\/wp-json\/wp\/v2\/pages"}],"about":[{"href":"https:\/\/www.patmostours.com\/pt\/wp-json\/wp\/v2\/types\/page"}],"author":[{"embeddable":true,"href":"https:\/\/www.patmostours.com\/pt\/wp-json\/wp\/v2\/users\/1"}],"replies":[{"embeddable":true,"href":"https:\/\/www.patmostours.com\/pt\/wp-json\/wp\/v2\/comments?post=38"}],"version-history":[{"count":0,"href":"https:\/\/www.patmostours.com\/pt\/wp-json\/wp\/v2\/pages\/38\/revisions"}],"wp:attachment":[{"href":"https:\/\/www.patmostours.com\/pt\/wp-json\/wp\/v2\/media?parent=38"}],"wp:term":[{"taxonomy":"post_tag","embeddable":true,"href":"https:\/\/www.patmostours.com\/pt\/wp-json\/wp\/v2\/tags?post=38"}],"curies":[{"name":"wp","href":"https:\/\/api.w.org\/{rel}","templated":true}]}}