{"id":37,"date":"2012-09-14T19:23:31","date_gmt":"2012-09-14T16:23:31","guid":{"rendered":"http:\/\/www.patmostours.com\/pt\/?page_id=37"},"modified":"2013-01-11T16:21:02","modified_gmt":"2013-01-11T14:21:02","slug":"patmos-video","status":"publish","type":"page","link":"https:\/\/www.patmostours.com\/pt\/patmos-video.html","title":{"rendered":"Patmos V\u00eddeo"},"content":{"rendered":"<table>\n<tbody>\n<tr>\n<td><strong>Caverna do Apocalipse<\/strong><br \/>\n<object width=\"330\" height=\"186\" classid=\"clsid:d27cdb6e-ae6d-11cf-96b8-444553540000\" codebase=\"http:\/\/download.macromedia.com\/pub\/shockwave\/cabs\/flash\/swflash.cab#version=6,0,40,0\"><param name=\"allowFullScreen\" value=\"true\" \/><param name=\"allowscriptaccess\" value=\"always\" \/><param name=\"src\" value=\"http:\/\/www.youtube.com\/v\/Hn5F3J82WI8?version=3&amp;hl=en_US\" \/><param name=\"allowfullscreen\" value=\"true\" \/><embed width=\"330\" height=\"186\" type=\"application\/x-shockwave-flash\" src=\"http:\/\/www.youtube.com\/v\/Hn5F3J82WI8?version=3&amp;hl=en_US\" allowFullScreen=\"true\" allowscriptaccess=\"always\" allowfullscreen=\"true\" \/><\/object><\/td>\n<td><strong>O livro do Apocalipse<\/strong><br \/>\n<object width=\"330\" height=\"186\" classid=\"clsid:d27cdb6e-ae6d-11cf-96b8-444553540000\" codebase=\"http:\/\/download.macromedia.com\/pub\/shockwave\/cabs\/flash\/swflash.cab#version=6,0,40,0\"><param name=\"allowFullScreen\" value=\"true\" \/><param name=\"allowscriptaccess\" value=\"always\" \/><param name=\"src\" value=\"http:\/\/www.youtube.com\/v\/Kem4xgDB9HQ?version=3&amp;hl=en_US\" \/><param name=\"allowfullscreen\" value=\"true\" \/><embed width=\"330\" height=\"186\" type=\"application\/x-shockwave-flash\" src=\"http:\/\/www.youtube.com\/v\/Kem4xgDB9HQ?version=3&amp;hl=en_US\" allowFullScreen=\"true\" allowscriptaccess=\"always\" allowfullscreen=\"true\" \/><\/object><\/td>\n<\/tr>\n<tr>\n<td><strong>Patmos passeios Greeceturkeytours.com<\/strong><br \/>\n<object width=\"330\" height=\"186\" classid=\"clsid:d27cdb6e-ae6d-11cf-96b8-444553540000\" codebase=\"http:\/\/download.macromedia.com\/pub\/shockwave\/cabs\/flash\/swflash.cab#version=6,0,40,0\"><param name=\"allowFullScreen\" value=\"true\" \/><param name=\"allowscriptaccess\" value=\"always\" \/><param name=\"src\" value=\"http:\/\/www.youtube.com\/v\/mql_AHi-iTs?version=3&amp;hl=en_US\" \/><param name=\"allowfullscreen\" value=\"true\" \/><embed width=\"330\" height=\"186\" type=\"application\/x-shockwave-flash\" src=\"http:\/\/www.youtube.com\/v\/mql_AHi-iTs?version=3&amp;hl=en_US\" allowFullScreen=\"true\" allowscriptaccess=\"always\" allowfullscreen=\"true\" \/><\/object><\/td>\n<td><strong>Patmos ilha passeios, Greeceturkeytours.com<\/strong><br \/>\n<object width=\"330\" height=\"186\" classid=\"clsid:d27cdb6e-ae6d-11cf-96b8-444553540000\" codebase=\"http:\/\/download.macromedia.com\/pub\/shockwave\/cabs\/flash\/swflash.cab#version=6,0,40,0\"><param name=\"allowFullScreen\" value=\"true\" \/><param name=\"allowscriptaccess\" value=\"always\" \/><param name=\"src\" value=\"http:\/\/www.youtube.com\/v\/Oa5-54M26ns?version=3&amp;hl=en_US\" \/><param name=\"allowfullscreen\" value=\"true\" \/><embed width=\"330\" height=\"186\" type=\"application\/x-shockwave-flash\" src=\"http:\/\/www.youtube.com\/v\/Oa5-54M26ns?version=3&amp;hl=en_US\" allowFullScreen=\"true\" allowscriptaccess=\"always\" allowfullscreen=\"true\" \/><\/object><\/td>\n<\/tr>\n<tr>\n<td><strong>As melhores praias da Patmos<\/strong><br \/>\n<object width=\"330\" height=\"186\" classid=\"clsid:d27cdb6e-ae6d-11cf-96b8-444553540000\" codebase=\"http:\/\/download.macromedia.com\/pub\/shockwave\/cabs\/flash\/swflash.cab#version=6,0,40,0\"><param name=\"allowFullScreen\" value=\"true\" \/><param name=\"allowscriptaccess\" value=\"always\" \/><param name=\"src\" value=\"http:\/\/www.youtube.com\/v\/n2McC0255Ds?version=3&amp;hl=en_US\" \/><param name=\"allowfullscreen\" value=\"true\" \/><embed width=\"330\" height=\"186\" type=\"application\/x-shockwave-flash\" src=\"http:\/\/www.youtube.com\/v\/n2McC0255Ds?version=3&amp;hl=en_US\" allowFullScreen=\"true\" allowscriptaccess=\"always\" allowfullscreen=\"true\" \/><\/object><\/td>\n<td><strong><strong>Apocalipse<\/strong>\u00a0Patmos<\/strong><br \/>\n<object width=\"330\" height=\"186\" classid=\"clsid:d27cdb6e-ae6d-11cf-96b8-444553540000\" codebase=\"http:\/\/download.macromedia.com\/pub\/shockwave\/cabs\/flash\/swflash.cab#version=6,0,40,0\"><param name=\"allowFullScreen\" value=\"true\" \/><param name=\"allowscriptaccess\" value=\"always\" \/><param name=\"src\" value=\"http:\/\/www.youtube.com\/v\/2yz0VxXIaIg?version=3&amp;hl=en_US\" \/><param name=\"allowfullscreen\" value=\"true\" \/><embed width=\"330\" height=\"186\" type=\"application\/x-shockwave-flash\" src=\"http:\/\/www.youtube.com\/v\/2yz0VxXIaIg?version=3&amp;hl=en_US\" allowFullScreen=\"true\" allowscriptaccess=\"always\" allowfullscreen=\"true\" \/><\/object><\/td>\n<\/tr>\n<tr>\n<td><strong>Explica\u00e7\u00e3o espanhola da Ilha de Patmos, Grecia<\/strong><br \/>\n<object width=\"330\" height=\"186\" classid=\"clsid:d27cdb6e-ae6d-11cf-96b8-444553540000\" codebase=\"http:\/\/download.macromedia.com\/pub\/shockwave\/cabs\/flash\/swflash.cab#version=6,0,40,0\"><param name=\"allowFullScreen\" value=\"true\" \/><param name=\"allowscriptaccess\" value=\"always\" \/><param name=\"src\" value=\"http:\/\/www.youtube.com\/v\/u7OUosGpTaY?version=3&amp;hl=en_US\" \/><param name=\"allowfullscreen\" value=\"true\" \/><embed width=\"330\" height=\"186\" type=\"application\/x-shockwave-flash\" src=\"http:\/\/www.youtube.com\/v\/u7OUosGpTaY?version=3&amp;hl=en_US\" allowFullScreen=\"true\" allowscriptaccess=\"always\" allowfullscreen=\"true\" \/><\/object><\/td>\n<td><strong>Patmos Gr\u00e9cia cerim\u00f4nia de p\u00e1scoa<\/strong><br \/>\n<object width=\"330\" height=\"186\" classid=\"clsid:d27cdb6e-ae6d-11cf-96b8-444553540000\" codebase=\"http:\/\/download.macromedia.com\/pub\/shockwave\/cabs\/flash\/swflash.cab#version=6,0,40,0\"><param name=\"allowFullScreen\" value=\"true\" \/><param name=\"allowscriptaccess\" value=\"always\" \/><param name=\"src\" value=\"http:\/\/www.youtube.com\/v\/4KIBRW8P-iE?version=3&amp;hl=en_US\" \/><param name=\"allowfullscreen\" value=\"true\" \/><embed width=\"330\" height=\"186\" type=\"application\/x-shockwave-flash\" src=\"http:\/\/www.youtube.com\/v\/4KIBRW8P-iE?version=3&amp;hl=en_US\" allowFullScreen=\"true\" allowscriptaccess=\"always\" allowfullscreen=\"true\" \/><\/object><\/td>\n<\/tr>\n<tr>\n<td><strong>Patmos Mosteiro Ilha de S\u00e3o Jo\u00e3o, o Te\u00f3logo, Caverna do Apocalipse, Chora, Skala port<\/strong><strong><\/strong><object width=\"330\" height=\"186\" classid=\"clsid:d27cdb6e-ae6d-11cf-96b8-444553540000\" codebase=\"http:\/\/download.macromedia.com\/pub\/shockwave\/cabs\/flash\/swflash.cab#version=6,0,40,0\"><param name=\"allowFullScreen\" value=\"true\" \/><param name=\"allowscriptaccess\" value=\"always\" \/><param name=\"src\" value=\"http:\/\/www.youtube.com\/v\/IwFTZ4_iGz8?version=3&amp;hl=en_US\" \/><param name=\"allowfullscreen\" value=\"true\" \/><embed width=\"330\" height=\"186\" type=\"application\/x-shockwave-flash\" src=\"http:\/\/www.youtube.com\/v\/IwFTZ4_iGz8?version=3&amp;hl=en_US\" allowFullScreen=\"true\" allowscriptaccess=\"always\" allowfullscreen=\"true\" \/><\/object><\/td>\n<td><\/td>\n<\/tr>\n<tr>\n<td><\/td>\n<td><\/td>\n<\/tr>\n<tr>\n<td><\/td>\n<td><\/td>\n<\/tr>\n<\/tbody>\n<\/table>\n","protected":false},"excerpt":{"rendered":"<p>Caverna do Apocalipse O livro do Apocalipse Patmos passeios Greeceturkeytours.com Patmos ilha passeios, Greeceturkeytours.com As melhores praias da Patmos Apocalipse\u00a0Patmos Explica\u00e7\u00e3o espanhola da Ilha de Patmos, Grecia Patmos Gr\u00e9cia cerim\u00f4nia de p\u00e1scoa Patmos Mosteiro Ilha de S\u00e3o Jo\u00e3o, o Te\u00f3logo, &hellip; <a href=\"https:\/\/www.patmostours.com\/pt\/patmos-video.html\">Continue reading <span class=\"meta-nav\">&rarr;<\/span><\/a><\/p>\n","protected":false},"author":1,"featured_media":0,"parent":0,"menu_order":0,"comment_status":"open","ping_status":"open","template":"page-sidebar.php","meta":[],"tags":[142,141,148,138,149,143,136,137,144,139,147,145,146,140,135,150],"aioseo_notices":[],"_links":{"self":[{"href":"https:\/\/www.patmostours.com\/pt\/wp-json\/wp\/v2\/pages\/37"}],"collection":[{"href":"https:\/\/www.patmostours.com\/pt\/wp-json\/wp\/v2\/pages"}],"about":[{"href":"https:\/\/www.patmostours.com\/pt\/wp-json\/wp\/v2\/types\/page"}],"author":[{"embeddable":true,"href":"https:\/\/www.patmostours.com\/pt\/wp-json\/wp\/v2\/users\/1"}],"replies":[{"embeddable":true,"href":"https:\/\/www.patmostours.com\/pt\/wp-json\/wp\/v2\/comments?post=37"}],"version-history":[{"count":0,"href":"https:\/\/www.patmostours.com\/pt\/wp-json\/wp\/v2\/pages\/37\/revisions"}],"wp:attachment":[{"href":"https:\/\/www.patmostours.com\/pt\/wp-json\/wp\/v2\/media?parent=37"}],"wp:term":[{"taxonomy":"post_tag","embeddable":true,"href":"https:\/\/www.patmostours.com\/pt\/wp-json\/wp\/v2\/tags?post=37"}],"curies":[{"name":"wp","href":"https:\/\/api.w.org\/{rel}","templated":true}]}}