{"id":36,"date":"2012-09-14T19:22:26","date_gmt":"2012-09-14T16:22:26","guid":{"rendered":"http:\/\/www.patmostours.com\/pt\/?page_id=36"},"modified":"2013-01-28T09:49:11","modified_gmt":"2013-01-28T07:49:11","slug":"patmos-transportation","status":"publish","type":"page","link":"https:\/\/www.patmostours.com\/pt\/patmos-transportation.html","title":{"rendered":"Transporte em Patmos"},"content":{"rendered":"<p style=\"text-align: justify;\">Voc\u00ea n\u00e3o tem outra escolha sen\u00e3o por transporte mar\u00edtmo\u00a0 para chegar em Patmos porque\u00a0 a ilha n\u00e3o tem\u00a0 aeroporto. Existem v\u00e1rias op\u00e7\u00f5es na balsa principal e conex\u00f5es hidrodin\u00e2mica para ir para a ilha. A maioria das balsas que v\u00e3o para \/ de Lesvos fazer uma parada em Patmos, bem como alguns dos mais de Rodes. Voc\u00ea tamb\u00e9m pode encontrar balsa de Samos e Kos. H\u00e1 servi\u00e7os de \u00f4nibus regulares de Skala para as \u00e1reas principais (Chora, Grikos e Kampos) no interior da ilha. O custo \u00e9 de 1,5 pp Euro<\/p>\n<p style=\"text-align: justify;\">Os t\u00e1xis podem ser considerados\u00a0 caros para os turistas, especialmente se voc\u00ea pretende ir para o topo da ilha, onde poder\u00e1 sentar e apreciar o visual do\u00a0 mosteiro e a gruta. Mas voc\u00ea pode compartilhar o seu t\u00e1xi com outras pessoas para torn\u00e1-lo mais razo\u00e1vel. Voc\u00ea tamb\u00e9m pode alugar um carro ou moto.<\/p>\n<p style=\"text-align: justify;\"><strong>Autocarros em Patmos:<\/strong><\/p>\n<p style=\"text-align: justify;\">O \u00f4nibus estar\u00e1 no\u00a0 pequeno parque, \u00e0 esquerda da esta\u00e7\u00e3o.Da\u00a0 pol\u00edcia Skala 10 por dia g oto Chora (10 minutos), 7 dos quais continou para Grikou (10 minutos), e de 4 a Kampos (15 minutos) . Hor\u00e1rios Consultar hor\u00e1rios de funcionamento\u00a0 em ponto de \u00f4nibus ou escrit\u00f3rio de turismo.<\/p>\n<p style=\"text-align: justify;\"><strong>Ferries de Patmos:<\/strong><\/p>\n<p style=\"text-align: justify;\">Servi\u00e7os di\u00e1rios para Piraeus (10 horas), Leros (1 \u00bd horas), Kalymnos (2 \u00bd horas), Kos (4 horas), Rhodes (10 Horas). Barcos funcionam tamb\u00e9m a Lipsi (4 por semana) e Samos (6 por semana). balsas funcionam duas vezes por semana para Agathonissi, e 1 por semana para Lesbos, Lemnos, Mykonos, Syros, Nisyros, Tilos, Naxos e Excurs\u00f5es Paros.Private Barcos g oto Lipsi, e praias diferentes ao redor da Ilha.Confirmar\u00a0 as ofertas postadas ao longo da orla.<\/p>\n<p style=\"text-align: justify;\"><strong>Voando\u00a0 golfinhos\u00a0 de Patmos:<\/strong><\/p>\n<p style=\"text-align: justify;\">Hydrofoils s\u00e3o um modo tentador de viajar.Eles\u00a0 executam\u00a0 com mais freq\u00fc\u00eancia e de forma confi\u00e1vel, as\u00a0 balsas tem lelocidade\u00a0 duas vezes mais, mas custam o dobro do pre\u00e7o.Duas\u00a0 por dia Leros, Kalymnos, e Kos.Duas\u00a0 por semana para Agathonissi, e 4 por semana para Lipsos e Rhodes.Tamb\u00e9m\u00a0 a Samos por dia, Ikaria barco di\u00e1ria.<\/p>\n<p style=\"text-align: justify;\"><strong>T\u00e1xis em Patmos:<\/strong><\/p>\n<p style=\"text-align: justify;\">Operam\u00a0 no\u00a0 ver\u00e3o, mas dif\u00edcil\u00a0 para pegar na enxurrada apres-disco, e 3-6:30 . Cuidado com o que voc\u00ea paga, voc\u00ea realmente n\u00e3o pode entrar em um t\u00e1xi em Patmos sem acordo claro sobre a tarifa antes de tomar a sua viagem.O servi\u00e7o do motoristas de t\u00e1xi\u00a0 \u00e9 de transportar passageiros do navio de cruzeiro (que muitas vezes s\u00f3 t\u00eam um curto per\u00edodo de tempo dispon\u00edvel antes de seu cruzeiro sai de novo) eles poder\u00e3o oferecer um servi\u00e7o extra para ver do alto\u00a0 o Mosteiro de\u00a0 Chora e apesar de esta viagem n\u00e3o \u00e9 t\u00e3o longe (cerca de 4.5kms) s\u00e3o suscept\u00edveis de cobrar quantias exorbitantes, se puderem. Sabemos por experi\u00eancia pr\u00f3pria que este tipo de sobrecarga ser\u00e1 tentada pelos taxistas gananciosos para quaisquer outras viagens tamb\u00e9m.<\/p>\n<p style=\"text-align: justify;\"><strong>Aluguel de Carros em Patmos:<\/strong><\/p>\n<p style=\"text-align: justify;\">Vire \u00e0 esquerda ap\u00f3s o posto de correios e olhe para o hor\u00e1rio de funcionamento.<\/p>\n<p style=\"text-align: justify;\"><strong>Motociclo\u00a0 em Patmos:<\/strong><\/p>\n<p style=\"text-align: justify;\">Motociclismo \u00e9 a mais\u00a0 popular forma de turn\u00ea na Gr\u00e9cia, especialmente as motos\u00a0 s\u00e3o mais baratos e, em seguida, os carros oferecem mais liberdade depois de \u00f4nibus, especialmente para visitar\u00a0 areas remotas. Geralmente as ag\u00eancias exigem uma licen\u00e7a.Muitos\u00a0 gregos pedem o passaporte como seguran\u00e7a, mas \u00e9 melhor solicitar o aluguel\u00a0 antecipadamente.<\/p>\n<p style=\"text-align: justify;\">Autocarros em Patmos, Aluguel de Carros em Patmos, balsas de Patmos, golfinhos voando de Patmos, Aerobarcos, ciclomotor em Patmos, Bus Patmos, Ferry Patmos, Patmos Taxi, Patmos trem, Patmos transporte, aluguel de carro ou moto em Patmos, T\u00e1xis em Patmos<\/p>\n<p style=\"text-align: justify;\">\n","protected":false},"excerpt":{"rendered":"<p>Voc\u00ea n\u00e3o tem outra escolha sen\u00e3o por transporte mar\u00edtmo\u00a0 para chegar em Patmos porque\u00a0 a ilha n\u00e3o tem\u00a0 aeroporto. Existem v\u00e1rias op\u00e7\u00f5es na balsa principal e conex\u00f5es hidrodin\u00e2mica para ir para a ilha. A maioria das balsas que v\u00e3o para &hellip; <a href=\"https:\/\/www.patmostours.com\/pt\/patmos-transportation.html\">Continue reading <span class=\"meta-nav\">&rarr;<\/span><\/a><\/p>\n","protected":false},"author":1,"featured_media":0,"parent":0,"menu_order":0,"comment_status":"open","ping_status":"open","template":"page-sidebar.php","meta":[],"tags":[165,163,164,170,169,166,167,162,168],"aioseo_notices":[],"_links":{"self":[{"href":"https:\/\/www.patmostours.com\/pt\/wp-json\/wp\/v2\/pages\/36"}],"collection":[{"href":"https:\/\/www.patmostours.com\/pt\/wp-json\/wp\/v2\/pages"}],"about":[{"href":"https:\/\/www.patmostours.com\/pt\/wp-json\/wp\/v2\/types\/page"}],"author":[{"embeddable":true,"href":"https:\/\/www.patmostours.com\/pt\/wp-json\/wp\/v2\/users\/1"}],"replies":[{"embeddable":true,"href":"https:\/\/www.patmostours.com\/pt\/wp-json\/wp\/v2\/comments?post=36"}],"version-history":[{"count":0,"href":"https:\/\/www.patmostours.com\/pt\/wp-json\/wp\/v2\/pages\/36\/revisions"}],"wp:attachment":[{"href":"https:\/\/www.patmostours.com\/pt\/wp-json\/wp\/v2\/media?parent=36"}],"wp:term":[{"taxonomy":"post_tag","embeddable":true,"href":"https:\/\/www.patmostours.com\/pt\/wp-json\/wp\/v2\/tags?post=36"}],"curies":[{"name":"wp","href":"https:\/\/api.w.org\/{rel}","templated":true}]}}