{"id":337,"date":"2012-12-15T09:35:46","date_gmt":"2012-12-15T07:35:46","guid":{"rendered":"http:\/\/www.patmostours.com\/pt\/?page_id=337"},"modified":"2013-01-11T17:07:22","modified_gmt":"2013-01-11T15:07:22","slug":"opcoes-de-turne","status":"publish","type":"page","link":"https:\/\/www.patmostours.com\/pt\/opcoes-de-turne.html","title":{"rendered":"Op\u00e7\u00f5es de Tours"},"content":{"rendered":"<h4 style=\"text-align: left;\"><\/h4>\n<p>&nbsp;<\/p>\n<h4 style=\"text-align: left;\">Patmos Tours \u00a0&amp; \u00a0Patmos\u00a0Excurs\u00f5es<\/h4>\n<div class=\"kt\"><strong>1- Patmos Tour \u00a0<\/strong><br \/>\n<a href=\"https:\/\/www.patmostours.com\/pt\/o-mosteiro-e-a-gruta-de-sao-joao.html\"><img decoding=\"async\" loading=\"lazy\" class=\"alignnone  wp-image-16\" title=\"O Mosteiro e a Gruta de S\u00e3o Jo\u00e3o\" src=\"http:\/\/www.patmostours.com\/wp-content\/uploads\/2012\/09\/patmos-pictures-19.jpg\" alt=\"O Mosteiro e a Gruta de S\u00e3o Jo\u00e3o\" width=\"150\" height=\"98\" \/><\/a><\/p>\n<p class=\"px\">O Mosteiro e a Gruta de S\u00e3o Jo\u00e3o<\/p>\n<p class=\"pp\"><em>Caverna do Apocalipse, o Mosteiro de S\u00e3o Jo\u00e3o<\/em><\/p>\n<p class=\"pb\"><a class=\"more-link bb\" href=\"https:\/\/www.patmostours.com\/pt\/o-mosteiro-e-a-gruta-de-sao-joao.html\">RESERVEJ\u00c1<\/a><\/p>\n<\/div>\n<div class=\"kt\"><strong>2- Patmos\u00a0<strong>Tour \u00a0<\/strong><\/strong><br \/>\n<a href=\"https:\/\/www.patmostours.com\/pt\/espirito-de-patmos-tour.html\"><img decoding=\"async\" loading=\"lazy\" class=\"alignnone  wp-image-17\" title=\"Esp\u00edrito de Patmos\" src=\"http:\/\/www.patmostours.com\/wp-content\/uploads\/2012\/09\/patmos-pictures-14.jpg\" alt=\"Esp\u00edrito de Patmos\" width=\"150\" height=\"98\" \/><\/a><\/p>\n<p class=\"px\">Esp\u00edrito de Patmos<\/p>\n<p class=\"pp\"><em>Caverna do Apocalipse, o Mosteiro de S\u00e3o Jo\u00e3o, Casa de Simandiris, Grikos, dan\u00e7as folcl\u00f3ricas<\/em><\/p>\n<p class=\"pb\"><a class=\"more-link bb\" href=\"https:\/\/www.patmostours.com\/pt\/espirito-de-patmos-tour.html\">RESERVEJ\u00c1<\/a><\/p>\n<\/div>\n<div class=\"kt\"><strong>3- Patmos\u00a0<strong>Tour \u00a0<\/strong><\/strong><br \/>\n<a href=\"https:\/\/www.patmostours.com\/pt\/tour-da-ilha-de-patmos.html\"><img decoding=\"async\" loading=\"lazy\" class=\"alignnone  wp-image-18\" title=\"Turn\u00ea da ilha de Patmos\" src=\"http:\/\/www.patmostours.com\/wp-content\/uploads\/2012\/12\/kambos-patmos.jpg\" alt=\"Turn\u00ea da ilha de Patmos\" width=\"150\" height=\"98\" \/><\/a><\/p>\n<p class=\"px\">Tour da ilha de Patmos<\/p>\n<p class=\"pp\"><em>Caverna do Apocalipse, o Mosteiro de S\u00e3o Jo\u00e3o, Casa de Simandiris, Moinhos, Mosteiro freira, Grikos, Kampos,Lambi<\/em><\/p>\n<p class=\"pb\"><a class=\"more-link bb\" href=\"https:\/\/www.patmostours.com\/pt\/tour-da-ilha-de-patmos.html\">RESERVEJ\u00c1<\/a><\/p>\n<\/div>\n<div class=\"kt\"><strong>4- Patmos\u00a0<strong>Tour \u00a0<\/strong><\/strong><br \/>\n<a href=\"https:\/\/www.patmostours.com\/pt\/patmos-cenico-tour.html\"><img decoding=\"async\" loading=\"lazy\" class=\"alignnone  wp-image-19\" title=\"PATMOS Patmos C\u00eanico Turn\u00ea\" src=\"http:\/\/www.patmostours.com\/wp-content\/uploads\/2012\/12\/patmos4.jpg\" alt=\"Patmos C\u00eanico Turn\u00ea\" width=\"150\" height=\"98\" \/><\/a><\/p>\n<p class=\"px\">Patmos C\u00eanico Tour<\/p>\n<p class=\"pp\"><em>Caverna do Apocalipse,Moinhos de vento, Grikos, Kampos <\/em><\/p>\n<p class=\"pb\"><a class=\"more-link bb\" href=\"https:\/\/www.patmostours.com\/pt\/patmos-cenico-tour.html\">RESERVEJ\u00c1<\/a><\/p>\n<\/div>\n","protected":false},"excerpt":{"rendered":"<p>&nbsp; Patmos Tours \u00a0&amp; \u00a0Patmos\u00a0Excurs\u00f5es 1- Patmos Tour \u00a0 O Mosteiro e a Gruta de S\u00e3o Jo\u00e3o Caverna do Apocalipse, o Mosteiro de S\u00e3o Jo\u00e3o RESERVEJ\u00c1 2- Patmos\u00a0Tour \u00a0 Esp\u00edrito de Patmos Caverna do Apocalipse, o Mosteiro de S\u00e3o Jo\u00e3o, &hellip; <a href=\"https:\/\/www.patmostours.com\/pt\/opcoes-de-turne.html\">Continue reading <span class=\"meta-nav\">&rarr;<\/span><\/a><\/p>\n","protected":false},"author":2,"featured_media":0,"parent":0,"menu_order":0,"comment_status":"open","ping_status":"open","template":"page-sidebar.php","meta":[],"tags":[110,106,103,109,104,100,101,99,108,34,102,105,107],"aioseo_notices":[],"_links":{"self":[{"href":"https:\/\/www.patmostours.com\/pt\/wp-json\/wp\/v2\/pages\/337"}],"collection":[{"href":"https:\/\/www.patmostours.com\/pt\/wp-json\/wp\/v2\/pages"}],"about":[{"href":"https:\/\/www.patmostours.com\/pt\/wp-json\/wp\/v2\/types\/page"}],"author":[{"embeddable":true,"href":"https:\/\/www.patmostours.com\/pt\/wp-json\/wp\/v2\/users\/2"}],"replies":[{"embeddable":true,"href":"https:\/\/www.patmostours.com\/pt\/wp-json\/wp\/v2\/comments?post=337"}],"version-history":[{"count":0,"href":"https:\/\/www.patmostours.com\/pt\/wp-json\/wp\/v2\/pages\/337\/revisions"}],"wp:attachment":[{"href":"https:\/\/www.patmostours.com\/pt\/wp-json\/wp\/v2\/media?parent=337"}],"wp:term":[{"taxonomy":"post_tag","embeddable":true,"href":"https:\/\/www.patmostours.com\/pt\/wp-json\/wp\/v2\/tags?post=337"}],"curies":[{"name":"wp","href":"https:\/\/api.w.org\/{rel}","templated":true}]}}