{"id":316,"date":"2012-12-14T17:04:20","date_gmt":"2012-12-14T15:04:20","guid":{"rendered":"http:\/\/www.patmostours.com\/pt\/?page_id=316"},"modified":"2013-01-28T09:53:59","modified_gmt":"2013-01-28T07:53:59","slug":"patmos-transfer-rates","status":"publish","type":"page","link":"https:\/\/www.patmostours.com\/pt\/patmos-transfer-rates.html","title":{"rendered":"Patmos Taxas de Tranferencias"},"content":{"rendered":"<p><strong>Temos\u00a0 tamb\u00e9m\u00a0 transfer e\u00a0 servi\u00e7os para todas as ilhas gregas e na Gr\u00e9cia continental.<\/strong><\/p>\n<p>&nbsp;<\/p>\n<p>Skala\u00a0 \u00e1rea \u2013 uma forma\u00a0<strong> \u20ac 11<\/strong>, &#8211; p \/ p<\/p>\n<p>Skala \u00e1rea &#8211; uma forma &#8211; noite <strong>\u20ac 19<\/strong>, &#8211; p \/ p<\/p>\n<p>Skala \u00e1rea &#8211; ida e volta <strong>\u20ac 17<\/strong>, &#8211; p \/ p<\/p>\n<p>Skala \u00e1rea &#8211; ida e volta &#8211; noite <strong>\u20ac 26<\/strong>, &#8211; p \/ p<\/p>\n<p>Grikos\u00a0 ou\u00a0 \u00e1rea\u00a0 Kampos &#8211; uma forma <strong>\u20ac 15<\/strong>, &#8211; p \/ p<\/p>\n<p>Grikos ou Kampos \u00e1rea &#8211; uma forma &#8211; noite <strong>\u20ac 22<\/strong>, &#8211; p \/ p<\/p>\n<p>Grikos ou \u00e1rea Kampos &#8211; ida e volta <strong>\u20ac 23<\/strong>, &#8211; p \/ p<\/p>\n<p>Grikos ou \u00e1rea Kampos &#8211; ida e volta &#8211; noite <strong>\u20ac 32<\/strong>, &#8211; p \/ p<\/p>\n<p>Chora (\u00e1rea da cidade \/ Mosteiro de idade) &#8211; uma forma <strong>\u20ac 19<\/strong>, &#8211; p \/ p<\/p>\n<p>Chora (\u00e1rea da cidade \/ Mosteiro de idade) &#8211; uma forma &#8211; noite <strong>\u20ac 26<\/strong>, &#8211; p \/ p<\/p>\n<p>Chora (\u00e1rea da cidade \/ Mosteiro de idade) &#8211; ida e volta <strong>\u20ac 32<\/strong>, &#8211; p \/ p<\/p>\n<p>Chora (\u00e1rea da cidade \/ Mosteiro de idade) &#8211; ida e volta &#8211; noite <strong>\u20ac 45<\/strong>, &#8211; p \/ p<\/p>\n<p>Skala \u00e1rea &#8211; ida e volta <strong>\u20ac 15<\/strong>, &#8211; p \/ p<\/p>\n<p>Grikos ou \u00e1rea Kampos &#8211; ida e volta <strong>\u20ac 23<\/strong>, &#8211; p \/ p<\/p>\n<p>* Transfer ida e volta tamb\u00e9m podem\u00a0 ser aplicado quando da partida \u00e9 em um dia diferente da chegada.<\/p>\n<p>* Noite tarifa aplica para transfer\u00eancias<strong> 21:00-06:00<\/strong> horas<\/p>\n<p>* Grupo taxas aplic\u00e1veis a partir de 15 pessoas e, acima de<\/p>\n<p>* Transfer\u00eancias para moradias em Chora exigem um assistente<\/p>\n<p>* Para um assistente de transfer\u00eancia extra a sobretaxa \u00e9 de <strong>\u20ac 39<\/strong>, &#8211; durante o dia e <strong>\u20ac 65<\/strong>, &#8211; durante a noite.<\/p>\n<p>* Para transfer\u00eancias privadas a sobretaxa \u00e9 de <strong>\u20ac 26<\/strong>, &#8211; por transfer\u00eancia durante o dia e <strong>\u20ac 39<\/strong>, &#8211; durante a noite.<\/p>\n<p>&nbsp;<\/p>\n<p style=\"text-align: justify;\">Gr\u00e9cia Patmos servi\u00e7os de transporte, servi\u00e7os de transfer\u00eancia de ilhas gregas, servi\u00e7os de transfer\u00eancia de grupo em Patmos, servi\u00e7os de transfer\u00eancia de Patmos Gr\u00e9cia, servi\u00e7os de transfer\u00eancia de Ilha de Patmos, servi\u00e7os de transfer\u00eancia de Patmos privadas, taxas de transfer\u00eancia de Patmos, servi\u00e7os de transfer\u00eancia de Patmos, servi\u00e7os de transfer\u00eancia de privados em Patmos, servi\u00e7os de transfer\u00eancia em Patmos na Gr\u00e9cia , servi\u00e7os de transfer\u00eancia em Patmos ilha<\/p>\n<p style=\"text-align: justify;\">Praias de Patmos., Ortodoxos e os crist\u00e3os ocidentais,centro\u00a0 de Skala , Mosteiro de S\u00e3o Jo\u00e3o, a igreja apocal\u00edptico, as revela\u00e7\u00f5es da B\u00edblia, coisas para fazer em Patmos<\/p>\n<p>&nbsp;<\/p>\n","protected":false},"excerpt":{"rendered":"<p>Temos\u00a0 tamb\u00e9m\u00a0 transfer e\u00a0 servi\u00e7os para todas as ilhas gregas e na Gr\u00e9cia continental. &nbsp; Skala\u00a0 \u00e1rea \u2013 uma forma\u00a0 \u20ac 11, &#8211; p \/ p Skala \u00e1rea &#8211; uma forma &#8211; noite \u20ac 19, &#8211; p \/ p Skala &hellip; <a href=\"https:\/\/www.patmostours.com\/pt\/patmos-transfer-rates.html\">Continue reading <span class=\"meta-nav\">&rarr;<\/span><\/a><\/p>\n","protected":false},"author":2,"featured_media":0,"parent":0,"menu_order":0,"comment_status":"open","ping_status":"open","template":"page-sidebar.php","meta":[],"tags":[171,173,175,172,178,174,176,179,181,180,177],"aioseo_notices":[],"_links":{"self":[{"href":"https:\/\/www.patmostours.com\/pt\/wp-json\/wp\/v2\/pages\/316"}],"collection":[{"href":"https:\/\/www.patmostours.com\/pt\/wp-json\/wp\/v2\/pages"}],"about":[{"href":"https:\/\/www.patmostours.com\/pt\/wp-json\/wp\/v2\/types\/page"}],"author":[{"embeddable":true,"href":"https:\/\/www.patmostours.com\/pt\/wp-json\/wp\/v2\/users\/2"}],"replies":[{"embeddable":true,"href":"https:\/\/www.patmostours.com\/pt\/wp-json\/wp\/v2\/comments?post=316"}],"version-history":[{"count":0,"href":"https:\/\/www.patmostours.com\/pt\/wp-json\/wp\/v2\/pages\/316\/revisions"}],"wp:attachment":[{"href":"https:\/\/www.patmostours.com\/pt\/wp-json\/wp\/v2\/media?parent=316"}],"wp:term":[{"taxonomy":"post_tag","embeddable":true,"href":"https:\/\/www.patmostours.com\/pt\/wp-json\/wp\/v2\/tags?post=316"}],"curies":[{"name":"wp","href":"https:\/\/api.w.org\/{rel}","templated":true}]}}