{"id":256,"date":"2012-12-13T21:39:30","date_gmt":"2012-12-13T19:39:30","guid":{"rendered":"http:\/\/www.patmostours.com\/pt\/?page_id=256"},"modified":"2013-01-30T10:07:00","modified_gmt":"2013-01-30T08:07:00","slug":"casa-new","status":"publish","type":"page","link":"https:\/\/www.patmostours.com\/pt\/casa-new.html","title":{"rendered":"Casa New !&#8230;"},"content":{"rendered":"<p>[one-half]<\/p>\n<div class=\"anac\" style=\"margin: 0px 0px 10px 0px;\">\n<h4>Patmos Tours &amp; Patmos\u00a0Excurs\u00f5es<\/h4>\n<p><strong>1-\u00a0Patmos tour dia meia &#8211; O Mosteiro e a Gruta de S\u00e3o Jo\u00e3o<\/strong><a href=\"https:\/\/www.patmostours.com\/pt\/the-monastery-and-cave-of-st-john-tour.html\"><br \/>\n(Caverna do Apocalipse, o Mosteiro de S\u00e3o Jo\u00e3o)<\/a><\/p>\n<p><strong>2 &#8211; Patmos tour dia inteiro &#8211; Esp\u00edrito de Patmos<\/strong><a href=\"https:\/\/www.patmostours.com\/pt\/spirit-of-patmos-tour.html\"><br \/>\n(Caverna do Apocalipse, o Mosteiro de S\u00e3o Jo\u00e3o, Casa de Simandiris, Grikos, dan\u00e7as folcl\u00f3ricas)<\/a><\/p>\n<p style=\"text-align: justify;\"><strong>3-\u00a0Patmos <strong>tour<\/strong>\u00a0<strong>dia meia<\/strong>\u00a0&#8211; Patmos C\u00eanico Tour\u00a0<a href=\"https:\/\/www.patmostours.com\/pt\/patmos-scenic-tour.html\"><br \/>\n<\/a><\/strong><a href=\"http:\/\/www.patmostours.com\/patmos-scenic-tour.html\">(Caverna do Apocalipse,Moinhos de vento, Grikos, Kampos)<\/a><\/p>\n<p style=\"text-align: justify;\"><strong>4 &#8211; <strong>Patmos tour dia inteiro<\/strong><strong>\u00a0&#8211; T<strong>our<\/strong><\/strong>\u00a0da ilha de Patmos<\/strong><a href=\"https:\/\/www.patmostours.com\/pt\/patmos-full-day-island-tour.html\"><br \/>\n(Caverna do Apocalipse, o Mosteiro de S\u00e3o Jo\u00e3o, Casa de Simandiris, Moinhos, Mosteiro freira, Grikos, Kampos,Lambi)<\/a><\/p>\n<p><strong>5 &#8211; Patmos tour dia meia &#8211; Turismo Patmos Destaques<\/strong><a href=\"http:\/\/www.patmostours.com\/patmos-highlights-half-day.html\"><br \/>\n(Caverna do Apocalipse, o Mosteiro de S\u00e3o Jo\u00e3o, Casa de Simandiris, Chora)<\/a><\/p>\n<p><strong>6 &#8211; Patmos tour dia meia &#8211; Patmos turismo Tr\u00eas Mosteiros<\/strong><a href=\"http:\/\/www.patmostours.com\/patmos-three-monastery-tour-half-day.html\"><br \/>\n(Mosteiro de S\u00e3o Jo\u00e3o, Caverna do Apocalipse, o Convento de Evangelismos)<\/a><\/p>\n<p><strong>7 &#8211; Patmos tour dia meia &#8211; Patmos Ess\u00eancia do turismo \u00cdcones<\/strong><a href=\"http:\/\/www.patmostours.com\/the-essence-of-icons-tours-half-day.html\"><br \/>\n(Mosteiro de S\u00e3o Jo\u00e3o, Zoodochos Pigi, Restaura\u00e7\u00e3o Workshop)<\/a><\/p>\n<p><strong>8 &#8211; Patmos tour dia meia &#8211; Patmos remoto Capelas de turismo<\/strong><a href=\"http:\/\/www.patmostours.com\/remote-chapel-tour-half-day.html\"><br \/>\n(Capela da Sikamia, Capela da Virgem Maria, a Capela de S\u00e3o Nikoloas)<\/a><\/p>\n<p><strong>9 &#8211; Patmos tour dia meia &#8211; Patmos Turismo de Arte e Hist\u00f3ria <\/strong><a href=\"http:\/\/www.patmostours.com\/art-history-tour-half-day.html\"><br \/>\n(Casa da Simandiris, Zoodochos Pigi, Nikolaidis Mansion, Chora caminhada Arquitect\u00f3nico)<\/a><\/p>\n<p><strong>10-<\/strong>\u00a0<strong>Patmos tour dia meia &#8211; Patmos turismo fotogr\u00e1fico<\/strong><a href=\"http:\/\/www.patmostours.com\/patmos-photographic-tour.html\"><br \/>\n(Chora, Ilias lucro, Diakofti)<\/a><\/p>\n<p><strong>11- Patmos tour dia meia \u2013 Patmos \u2013 Turismo de Praias<\/strong><a href=\"http:\/\/www.patmostours.com\/patmos-beach-tours-half-or-full-day.html\"><br \/>\n(Sol, mar e paisagem de Patmos)<\/a><\/p>\n<p><strong>12- Patmos tour dia meia- Passeio de Barco em Patmos<\/strong><a href=\"http:\/\/www.patmostours.com\/patmos-boat-trip-half-or-full-day.html\"><br \/>\n(Patmos linha costeira, sol, mar e paisagem, FD tamb\u00e9m inclui ilhas vizinhas)<\/a><\/p>\n<\/div>\n<h4 style=\"text-align: left;\">Patmos Tour &amp; Patmos\u00a0Excurs\u00f5es<\/h4>\n<div class=\"kt\"><strong>1- Patmos tour dia meia \u00a0<\/strong><br \/>\n<a href=\"https:\/\/www.patmostours.com\/pt\/the-monastery-and-cave-of-st-john-tour.html\"><img decoding=\"async\" loading=\"lazy\" class=\"alignnone  wp-image-16\" title=\"O Mosteiro e a Gruta de S\u00e3o Jo\u00e3o\" src=\"http:\/\/www.patmostours.com\/wp-content\/uploads\/2012\/09\/patmos-pictures-19.jpg\" alt=\"O Mosteiro e a Gruta de S\u00e3o Jo\u00e3o\" width=\"150\" height=\"98\" \/><\/a><\/p>\n<p class=\"px\">O Mosteiro e a Gruta de S\u00e3o Jo\u00e3o<\/p>\n<p class=\"pp\"><em>Caverna do Apocalipse, o Mosteiro de S\u00e3o Jo\u00e3o<\/em><\/p>\n<p class=\"pb\"><a class=\"more-link bb\" href=\"https:\/\/www.patmostours.com\/pt\/the-monastery-and-cave-of-st-john-tour.html\">BOOK NOW<\/a><\/p>\n<\/div>\n<div class=\"kt\"><strong>2- Patmos tour dia inteiro<\/strong><br \/>\n<a href=\"https:\/\/www.patmostours.com\/pt\/spirit-of-patmos-tour.html\"><img decoding=\"async\" loading=\"lazy\" class=\"alignnone  wp-image-17\" title=\"Esp\u00edrito de Patmos\" src=\"http:\/\/www.patmostours.com\/wp-content\/uploads\/2012\/09\/patmos-pictures-14.jpg\" alt=\"Esp\u00edrito de Patmos\" width=\"150\" height=\"98\" \/><\/a><\/p>\n<p class=\"px\">Esp\u00edrito de Patmos<\/p>\n<p class=\"pp\"><em>Caverna do Apocalipse, o Mosteiro de S\u00e3o Jo\u00e3o, Casa de Simandiris, Grikos, dan\u00e7as folcl\u00f3ricas<\/em><\/p>\n<p class=\"pb\"><a class=\"more-link bb\" href=\"https:\/\/www.patmostours.com\/pt\/spirit-of-patmos-tour.html\">BOOK NOW<\/a><\/p>\n<\/div>\n<div class=\"kt\"><strong>3- Patmos tour dia inteiro<\/strong><br \/>\n<a href=\"https:\/\/www.patmostours.com\/pt\/patmos-full-day-island-tour.html\"><img decoding=\"async\" loading=\"lazy\" class=\"alignnone  wp-image-18\" title=\"Turn\u00ea da ilha de Patmos\" src=\"http:\/\/www.patmostours.com\/wp-content\/uploads\/2012\/12\/kambos-patmos.jpg\" alt=\"Turn\u00ea da ilha de Patmos\" width=\"150\" height=\"98\" \/><\/a><\/p>\n<p class=\"px\">Tour da ilha de Patmos<\/p>\n<p class=\"pp\"><em>Caverna do Apocalipse, o Mosteiro de S\u00e3o Jo\u00e3o, Casa de Simandiris, Moinhos, Mosteiro freira, Grikos, Kampos,Lambi<\/em><\/p>\n<p class=\"pb\"><a class=\"more-link bb\" href=\"https:\/\/www.patmostours.com\/pt\/patmos-full-day-island-tour.html\">BOOK NOW<\/a><\/p>\n<\/div>\n<div class=\"kt\"><strong>4- Patmos tour dia meia<\/strong><br \/>\n<a href=\"https:\/\/www.patmostours.com\/pt\/patmos-scenic-tour.html\"><img decoding=\"async\" loading=\"lazy\" class=\"alignnone  wp-image-19\" title=\"PATMOS Patmos C\u00eanico Turn\u00ea\" src=\"http:\/\/www.patmostours.com\/wp-content\/uploads\/2012\/12\/patmos4.jpg\" alt=\"Patmos C\u00eanico Turn\u00ea\" width=\"150\" height=\"98\" \/><\/a><\/p>\n<p class=\"px\">Patmos C\u00eanico Tour<\/p>\n<p class=\"pp\"><em>Caverna do Apocalipse,Moinhos de vento, Grikos, Kampos <\/em><\/p>\n<p class=\"pb\"><a class=\"more-link bb\" href=\"https:\/\/www.patmostours.com\/pt\/patmos-scenic-tour.html\">BOOK NOW<\/a><\/p>\n<\/div>\n<div class=\"kt\"><strong>5- Patmos tour dia meia \u00a0<\/strong><br \/>\n<a href=\"http:\/\/www.patmostours.com\/patmos-highlights-half-day.html\"><img decoding=\"async\" loading=\"lazy\" class=\"alignnone  wp-image-20\" title=\" Turismo Patmos Destaques\" src=\"http:\/\/www.patmostours.com\/wp-content\/uploads\/2012\/12\/Patmos1-h.jpg\" alt=\"Turismo Patmos Destaques\" width=\"150\" height=\"98\" \/><\/a><\/p>\n<p class=\"px\">Turismo Patmos Destaques<\/p>\n<p class=\"pp\"><em>Caverna do Apocalipse, o Mosteiro de S\u00e3o Jo\u00e3o, Casa de Simandiris, Chora<\/em><\/p>\n<p class=\"pb\"><a class=\"more-link bb\" href=\"http:\/\/www.patmostours.com\/patmos-highlights-half-day.html\">BOOK NOW<\/a><\/p>\n<\/div>\n<div class=\"kt\"><strong>6- Patmos tour dia meia \u00a0<\/strong><br \/>\n<a href=\"http:\/\/www.patmostours.com\/patmos-three-monastery-tour-half-day.html\"><img decoding=\"async\" loading=\"lazy\" class=\"alignnone  wp-image-21\" title=\"Patmos  turismo Tr\u00eas  Mosteiros\" src=\"http:\/\/www.patmostours.com\/wp-content\/uploads\/2012\/12\/st-john-h.jpg\" alt=\"Patmos  turismo Tr\u00eas  Mosteiros\" width=\"150\" height=\"98\" \/><\/a><\/p>\n<p class=\"px\">Patmos turismo Tr\u00eas Mosteiros<\/p>\n<p class=\"pp\"><em>Mosteiro de S\u00e3o Jo\u00e3o, Caverna do Apocalipse, o Convento de Evangelismos<\/em><\/p>\n<p class=\"pb\"><a class=\"more-link bb\" href=\"http:\/\/www.patmostours.com\/patmos-three-monastery-tour-half-day.html\">BOOK NOW<\/a><\/p>\n<\/div>\n<div class=\"kt\"><strong>7- Patmos tour dia meia \u00a0<\/strong><br \/>\n<a href=\"http:\/\/www.patmostours.com\/the-essence-of-icons-tours-half-day.html\"><img decoding=\"async\" loading=\"lazy\" class=\"alignnone  wp-image-22\" title=\"Passeio com dura\u00e7\u00e3o de meio dia em  Patmos - Patmos Ess\u00eancia do turismo \u00cdcones\" src=\"http:\/\/www.patmostours.com\/wp-content\/uploads\/2012\/12\/John-the-Divine-in-Patmos-h.jpg\" alt=\"Passeio com dura\u00e7\u00e3o de meio dia em  Patmos - Patmos Ess\u00eancia do turismo \u00cdcones\" width=\"150\" height=\"98\" \/><\/a><\/p>\n<p class=\"px\">Passeio com dura\u00e7\u00e3o de meio dia em Patmos &#8211; Patmos Ess\u00eancia do turismo \u00cdcones<\/p>\n<p class=\"pp\"><em>Mosteiro de S\u00e3o Jo\u00e3o, Zoodochos Pigi, Restaura\u00e7\u00e3o Workshop<\/em><\/p>\n<p class=\"pb\"><a class=\"more-link bb\" href=\"http:\/\/www.patmostours.com\/the-essence-of-icons-tours-half-day.html\">BOOK NOW<\/a><\/p>\n<\/div>\n<div class=\"kt\"><strong>8- Patmos tour dia meia \u00a0<\/strong><br \/>\n<a href=\"http:\/\/www.patmostours.com\/remote-chapel-tour-half-day.html\"><img decoding=\"async\" loading=\"lazy\" class=\"alignnone  wp-image-23\" title=\"Patmos remoto Capelas de turismo\" src=\"http:\/\/www.patmostours.com\/wp-content\/uploads\/2012\/12\/nicholas-h.jpg\" alt=\"Patmos remoto Capelas de turismo\" width=\"150\" height=\"98\" \/><\/a><\/p>\n<p class=\"px\">Patmos remoto Capelas de turismo<\/p>\n<p class=\"pp\"><em>Capela da Sikamia, Capela da Virgem Maria, a Capela de S\u00e3o Nikoloas<\/em><\/p>\n<p class=\"pb\"><a class=\"more-link bb\" href=\"http:\/\/www.patmostours.com\/remote-chapel-tour-half-day.html\">BOOK NOW<\/a><\/p>\n<\/div>\n<div class=\"kt\"><strong>9- Patmos tour dia meia\u00a0<\/strong><br \/>\n<a href=\"http:\/\/www.patmostours.com\/art-history-tour-half-day.html\"><img decoding=\"async\" loading=\"lazy\" class=\"alignnone  wp-image-23\" title=\"Patmos Turismo de Arte e Hist\u00f3ria  \" src=\"http:\/\/www.patmostours.com\/wp-content\/uploads\/2012\/12\/st-john1-h.jpg\" alt=\"Patmos Turismo de Arte e Hist\u00f3ria \" width=\"150\" height=\"98\" \/><\/a><\/p>\n<p class=\"px\">Patmos Turismo de Arte e Hist\u00f3ria<\/p>\n<p class=\"pp\"><em>Casa da Simandiris, Zoodochos Pigi, Nikolaidis Mansion, Chora caminhada Arquitect\u00f3nico<\/em><\/p>\n<p class=\"pb\"><a class=\"more-link bb\" href=\"http:\/\/www.patmostours.com\/art-history-tour-half-day.html\">BOOK NOW<\/a><\/p>\n<\/div>\n<div class=\"kt\"><strong>10- Patmos tour dia meia \u00a0<\/strong><br \/>\n<a href=\"http:\/\/www.patmostours.com\/patmos-photographic-tour.html\"><img decoding=\"async\" loading=\"lazy\" class=\"alignnone  wp-image-24\" title=\"Patmos Turismo  Fotogr\u00e1fico \" src=\"http:\/\/www.patmostours.com\/wp-content\/uploads\/2012\/12\/churchh-h.jpg\" alt=\"Patmos Turismo  Fotogr\u00e1fico \" width=\"150\" height=\"98\" \/><\/a><\/p>\n<p class=\"px\">Patmos Turismo Fotogr\u00e1fico<\/p>\n<p class=\"pp\"><em>Chora, Ilias lucro, Diakofti<\/em><\/p>\n<p class=\"pb\"><a class=\"more-link bb\" href=\"http:\/\/www.patmostours.com\/patmos-photographic-tour.html\">BOOK NOW<\/a><\/p>\n<\/div>\n<div class=\"kt\"><strong>11-Patmos tour dia meia<\/strong><br \/>\n<a href=\"http:\/\/www.patmostours.com\/patmos-beach-tours-half-or-full-day.html\"><img decoding=\"async\" loading=\"lazy\" class=\"alignnone  wp-image-25\" title=\"Patmos Beach Tour \" src=\"http:\/\/www.patmostours.com\/wp-content\/uploads\/2012\/12\/s6-h.jpg\" alt=\"Patmos Beach Tour  \" width=\"150\" height=\"98\" \/><\/a><\/p>\n<p class=\"px\">Patmos Beach Tour<\/p>\n<p class=\"pp\"><em>The sun and sea of Patmos, Kampos Beach<\/em><\/p>\n<p class=\"pb\"><a class=\"more-link bb\" href=\"http:\/\/www.patmostours.com\/patmos-beach-tours-half-or-full-day.html\">BOOK NOW<\/a><\/p>\n<\/div>\n<div class=\"kt\"><strong>12-Patmos tour dia meia<\/strong><br \/>\n<a href=\"http:\/\/www.patmostours.com\/patmos-boat-trip-half-or-full-day.html\"><img decoding=\"async\" loading=\"lazy\" class=\"alignnone  wp-image-26\" title=\"Boat Trip in Patmos \" src=\"http:\/\/www.patmostours.com\/wp-content\/uploads\/2012\/12\/boat-tour-h.jpg\" alt=\"Boat Trip in Patmos  \" width=\"150\" height=\"98\" \/><\/a><\/p>\n<p class=\"px\">Boat Trip in Patmos<\/p>\n<p class=\"pp\"><em>The sun and sea of Patmos, Landscape and wildlife, Apolou area (weather permitting), Tiganakia\/Aspronissia (with Full Day trip)<\/em><\/p>\n<p class=\"pb\"><a class=\"more-link bb\" href=\"http:\/\/www.patmostours.com\/patmos-boat-trip-half-or-full-day.html\">BOOK NOW<\/a><\/p>\n<\/div>\n<div class=\"kt\"><\/div>\n<div class=\"clearfix\"><\/div>\n<p>&nbsp;<\/p>\n<p>[\/one-half][one-halflast]<\/p>\n<div style=\"margin-top: -18px;\">\n<h4>Patmos Fotos<\/h4>\n<p><iframe loading=\"lazy\" style=\"margin-top: -18px;\" src=\"http:\/\/www.patmostours.com\/slayt2.php\" frameborder=\"0\" scrolling=\"no\" width=\"452\" height=\"546\"><\/iframe><\/p>\n<\/div>\n<h4>Gr\u00e9cia Pacote de Tours<\/h4>\n<table class=\"anac\" style=\"margin-top: 1px;\" cellspacing=\"10\">\n<tbody>\n<tr>\n<td><a href=\"http:\/\/www.patmostours.com\/capture-greece.html\"><img decoding=\"async\" loading=\"lazy\" class=\"alignleft  wp-image-83\" title=\"Capture Greece\" src=\"http:\/\/www.patmostours.com\/wp-content\/uploads\/2012\/09\/capture-greece.jpg\" alt=\"Capture Greece\" width=\"140\" height=\"93\" \/><\/a><\/td>\n<td><a href=\"http:\/\/www.patmostours.com\/black-pearl-of-the-aegean.html\"><img decoding=\"async\" loading=\"lazy\" class=\"alignleft  wp-image-84\" title=\"Black Pearl of The Aegean\" src=\"http:\/\/www.patmostours.com\/wp-content\/uploads\/2012\/09\/black-pearl-of-the-aegean.jpg\" alt=\"Black Pearl of The Aegean\" width=\"140\" height=\"93\" \/><\/a><\/td>\n<td><a href=\"http:\/\/www.patmostours.com\/greek-harmony.html\"><img decoding=\"async\" loading=\"lazy\" class=\"alignleft  wp-image-85\" title=\"Greek Harmony\" src=\"http:\/\/www.patmostours.com\/wp-content\/uploads\/2012\/09\/greek-harmony.jpg\" alt=\"Greek Harmony\" width=\"140\" height=\"93\" \/><\/a><\/td>\n<\/tr>\n<tr>\n<td><a href=\"http:\/\/www.patmostours.com\/treasures-of-the-greek-islands.html\"><img decoding=\"async\" loading=\"lazy\" class=\"alignleft  wp-image-86\" title=\"Treasures of Greek Islands\" src=\"http:\/\/www.patmostours.com\/wp-content\/uploads\/2012\/09\/treasures-of-greek-islands.jpg\" alt=\"Treasures of Greek Islands\" width=\"140\" height=\"93\" \/><\/a><\/td>\n<td><a href=\"http:\/\/www.patmostours.com\/majestic-history.html\"><img decoding=\"async\" loading=\"lazy\" class=\"alignleft  wp-image-87\" title=\"Majestic History\" src=\"http:\/\/www.patmostours.com\/wp-content\/uploads\/2012\/09\/majestic-history.jpg\" alt=\"Majestic History\" width=\"140\" height=\"93\" \/><\/a><\/td>\n<td><a href=\"http:\/\/www.patmostours.com\/cycladic-adventure.html\"><img decoding=\"async\" loading=\"lazy\" class=\"alignleft  wp-image-88\" title=\"Cycladic Adventure\" src=\"http:\/\/www.patmostours.com\/wp-content\/uploads\/2012\/09\/cycladic-adventure.jpg\" alt=\"\" width=\"140\" height=\"93\" \/><\/a><\/td>\n<\/tr>\n<tr>\n<td><a href=\"http:\/\/www.patmostours.com\/honeymoon-getaway.html\"><img decoding=\"async\" loading=\"lazy\" class=\"alignleft size-full wp-image-95\" title=\"Honeymoon Gateway\" src=\"http:\/\/www.patmostours.com\/wp-content\/uploads\/2012\/09\/honeymoon-gateway.jpg\" alt=\"Honeymoon Gateway\" width=\"140\" height=\"93\" srcset=\"https:\/\/www.patmostours.com\/pt\/wp-content\/uploads\/2012\/09\/honeymoon-gateway.jpg 140w, https:\/\/www.patmostours.com\/pt\/wp-content\/uploads\/2012\/09\/honeymoon-gateway-135x90.jpg 135w\" sizes=\"(max-width: 140px) 100vw, 140px\" \/><\/a><\/td>\n<td><a href=\"http:\/\/www.patmostours.com\/sea-breeze.html\"><img decoding=\"async\" loading=\"lazy\" class=\"alignleft size-full wp-image-96\" title=\"Sea Breeze\" src=\"http:\/\/www.patmostours.com\/wp-content\/uploads\/2012\/09\/sea-breeze.jpg\" alt=\"Sea Breeze\" width=\"140\" height=\"93\" srcset=\"https:\/\/www.patmostours.com\/pt\/wp-content\/uploads\/2012\/09\/sea-breeze.jpg 140w, https:\/\/www.patmostours.com\/pt\/wp-content\/uploads\/2012\/09\/sea-breeze-135x90.jpg 135w\" sizes=\"(max-width: 140px) 100vw, 140px\" \/><\/a><\/td>\n<td><a href=\"http:\/\/www.patmostours.com\/romantic-escape.html\"><img decoding=\"async\" loading=\"lazy\" class=\"alignleft size-full wp-image-97\" title=\"Romantic Escape\" src=\"http:\/\/www.patmostours.com\/wp-content\/uploads\/2012\/09\/romantic-escape.jpg\" alt=\"Romantic Escape\" width=\"140\" height=\"93\" srcset=\"https:\/\/www.patmostours.com\/pt\/wp-content\/uploads\/2012\/09\/romantic-escape.jpg 140w, https:\/\/www.patmostours.com\/pt\/wp-content\/uploads\/2012\/09\/romantic-escape-135x90.jpg 135w\" sizes=\"(max-width: 140px) 100vw, 140px\" \/><\/a><\/td>\n<\/tr>\n<\/tbody>\n<\/table>\n<h4 style=\"text-align: left;\">SEJAM BEM VINDOS A PAGINA DE WEB DE PATMOS TOUR<\/h4>\n<p>[box]<\/p>\n<p style=\"text-align: justify;\">Patmos est\u00e1 localizado entre Leros e Ikeria. A ilha possui belas casas em forma de cubo branco derramando as laterais de uma colina. Ningu\u00e9m pode descrever o esp\u00edrito da terra na ilha. A \u00e1gua eh l\u00edmpida e o sol parace ser \u00a0sentir \u00fanico. Voc\u00ea vai admirar e apreciar a sua beleza e serenidade.<\/p>\n<p style=\"text-align: justify;\">Skala \u00e9 o principal porto e liquida\u00e7\u00e3o de \u00a0Patmos e as caracter\u00edsticas das \u00a0casas caiadas de branco e p\u00e1tios floridos. Muitos ferries e navios de cruzeiro chegam\u00a0 ao Porto de\u00a0 Skala \u00a0ao longo do ano. O transporte \u00e9 muito f\u00e1cil para as outras ilhas da Skala.<\/p>\n<p style=\"text-align: justify;\">Patmos tem uma atmosfera muito espiritual porque ele \u00e9 um lugar \u00a0religioso. A ilha \u00e9 um destino muito popular para peregrina\u00e7\u00e3o crist\u00e3, como a gruta onde S\u00e3o Jo\u00e3o recebeu o Apocalipse e v\u00e1rios Mosteiros dedicados a S\u00e3o Jo\u00e3o s\u00e3o encontrados aqui. S\u00e3o Jo\u00e3o escreveu o Apocalipse em uma pequena caverna. Esta caverna pode ser visitada hoje, bem como o Mosteiro de St. John. O mosteiro fica em uma colina acima Chora que \u00e9 a capital da Ilha de Patmos.<\/p>\n<p style=\"text-align: justify;\">O Mosteiro de S\u00e3o Jo\u00e3o, O Mosteiro de Apocalipse e Capela de Santa Ana s\u00e3o principais atra\u00e7\u00f5es tur\u00edsticas de Patmos. O Mosteiro de S\u00e3o Jo\u00e3o \u00e9 uma caminhada longa e \u00e1rdua do Porto de Skala e h\u00e1 alguns degraus \u00edngremes na entrada. A pequena igreja tem pinturas bonitas e iconostasis espetacular. O museu \u00e9 um local fascinante com uma mistura maravilhosa de rel\u00edquias e \u00edcones. O Mosteiro de Apocalipse \u00e9 fascinante, com todos de suas \u00a0escadarias e passagens. A vista para o Porto de mosteiro \u00e9 inesquec\u00edvel. A Capela de Santa Ana foi constru\u00edda em torno da caverna.<\/p>\n<p style=\"text-align: justify;\">Praias mais populares s\u00e3o Agriolivado e Kampos Geraniou. Voc\u00ea tamb\u00e9m pode descobrir um monte de enseadas ao redor da ilha. Muitos festivais de m\u00fasicas \u00a0religiosas \u00a0s\u00e3o organizadas no ver\u00e3o e atraem \u00a0muitos visitantes.<\/p>\n<p style=\"text-align: justify;\">Patmos \u00e9 um s\u00edmbolo de f\u00e9 e de comunica\u00e7\u00e3o com Deus, \u00e9 hoje um p\u00f3lo de atrac\u00e7\u00e3o para os monges de todo o mundo.<\/p>\n<p>[\/box]<\/p>\n<p>[\/one-halflast]<\/p>\n<p><a href=\"https:\/\/www.patmostours.com\/pt\/casa-new.html\/20001012_bnnr_follow_us_large\" rel=\"attachment wp-att-360\"><img decoding=\"async\" loading=\"lazy\" class=\"alignleft  wp-image-360\" title=\"follow_us\" src=\"https:\/\/www.patmostours.com\/pt\/wp-content\/uploads\/2012\/12\/20001012_bnnr_follow_us_large.jpg\" alt=\"\" width=\"451\" height=\"159\" \/><\/a><\/p>\n","protected":false},"excerpt":{"rendered":"<p>[one-half] Patmos Tours &amp; Patmos\u00a0Excurs\u00f5es 1-\u00a0Patmos tour dia meia &#8211; O Mosteiro e a Gruta de S\u00e3o Jo\u00e3o (Caverna do Apocalipse, o Mosteiro de S\u00e3o Jo\u00e3o) 2 &#8211; Patmos tour dia inteiro &#8211; Esp\u00edrito de Patmos (Caverna do Apocalipse, o &hellip; <a href=\"https:\/\/www.patmostours.com\/pt\/casa-new.html\">Continue reading <span class=\"meta-nav\">&rarr;<\/span><\/a><\/p>\n","protected":false},"author":1,"featured_media":0,"parent":0,"menu_order":0,"comment_status":"open","ping_status":"closed","template":"page-no-comments.php","meta":[],"tags":[],"aioseo_notices":[],"_links":{"self":[{"href":"https:\/\/www.patmostours.com\/pt\/wp-json\/wp\/v2\/pages\/256"}],"collection":[{"href":"https:\/\/www.patmostours.com\/pt\/wp-json\/wp\/v2\/pages"}],"about":[{"href":"https:\/\/www.patmostours.com\/pt\/wp-json\/wp\/v2\/types\/page"}],"author":[{"embeddable":true,"href":"https:\/\/www.patmostours.com\/pt\/wp-json\/wp\/v2\/users\/1"}],"replies":[{"embeddable":true,"href":"https:\/\/www.patmostours.com\/pt\/wp-json\/wp\/v2\/comments?post=256"}],"version-history":[{"count":0,"href":"https:\/\/www.patmostours.com\/pt\/wp-json\/wp\/v2\/pages\/256\/revisions"}],"wp:attachment":[{"href":"https:\/\/www.patmostours.com\/pt\/wp-json\/wp\/v2\/media?parent=256"}],"wp:term":[{"taxonomy":"post_tag","embeddable":true,"href":"https:\/\/www.patmostours.com\/pt\/wp-json\/wp\/v2\/tags?post=256"}],"curies":[{"name":"wp","href":"https:\/\/api.w.org\/{rel}","templated":true}]}}