{"id":25,"date":"2012-09-14T19:20:58","date_gmt":"2012-09-14T16:20:58","guid":{"rendered":"http:\/\/www.patmostours.com\/pt\/?page_id=25"},"modified":"2013-01-28T09:58:02","modified_gmt":"2013-01-28T07:58:02","slug":"things-to-do","status":"publish","type":"page","link":"https:\/\/www.patmostours.com\/pt\/things-to-do.html","title":{"rendered":"O Que Fazer"},"content":{"rendered":"<p style=\"text-align: justify;\">Incomum para dizer o m\u00ednimo, Patmos tem uma presen\u00e7a.\u00c9 distintamente espiritual , daqui \u00a0foram entregues \u00a0\u00a0a\u00a0\u00a0 S\u00e3o Jo\u00e3o\u00a0 as vis\u00f5es apocal\u00edpticas que formaram revela\u00e7\u00f5es aos visitantes. Contempor\u00e2neos \u00a0da B\u00edblia tem um agradecimento a \u00a0rosier tempo a sua abund\u00e2ncia de praias selvagens, tavernas remotas e a atra\u00e7\u00e3o de stlish scala, sua cidade.Mas o \u00a0porto preety talvez o craque real \u00e9 a Vila montanha m\u00e1gica de Hora, desenho das fronteiras de crist\u00e3os ortodoxos e ocidentais que fazem a sua peregrina\u00e7\u00e3o para ver a caverna de St. John. De julho a setembro Skala \u00e9 movimentada \u00a0com um elenco cosmopolita \u00a0de italianos, atenienses e outros europeus. Mais verde que qualquer um de seus vizinhos, com mar \u00a0azul-enseadas e colinas, deixando Patmos \u00e9 sempre uma chave .<\/p>\n<p style=\"text-align: justify;\">\u00a0Praias de Patmos., Ortodoxos e os crist\u00e3os ocidentais,cidade de\u00a0 Skala , Mosteiro de S\u00e3o Jo\u00e3o, a igreja apocal\u00edptico, as revela\u00e7\u00f5es da B\u00edblia, s\u00e3o atrativos para fazer em Patmos<\/p>\n","protected":false},"excerpt":{"rendered":"<p>Incomum para dizer o m\u00ednimo, Patmos tem uma presen\u00e7a.\u00c9 distintamente espiritual , daqui \u00a0foram entregues \u00a0\u00a0a\u00a0\u00a0 S\u00e3o Jo\u00e3o\u00a0 as vis\u00f5es apocal\u00edpticas que formaram revela\u00e7\u00f5es aos visitantes. Contempor\u00e2neos \u00a0da B\u00edblia tem um agradecimento a \u00a0rosier tempo a sua abund\u00e2ncia de praias &hellip; <a href=\"https:\/\/www.patmostours.com\/pt\/things-to-do.html\">Continue reading <span class=\"meta-nav\">&rarr;<\/span><\/a><\/p>\n","protected":false},"author":1,"featured_media":0,"parent":0,"menu_order":0,"comment_status":"open","ping_status":"open","template":"page-sidebar.php","meta":[],"tags":[182],"aioseo_notices":[],"_links":{"self":[{"href":"https:\/\/www.patmostours.com\/pt\/wp-json\/wp\/v2\/pages\/25"}],"collection":[{"href":"https:\/\/www.patmostours.com\/pt\/wp-json\/wp\/v2\/pages"}],"about":[{"href":"https:\/\/www.patmostours.com\/pt\/wp-json\/wp\/v2\/types\/page"}],"author":[{"embeddable":true,"href":"https:\/\/www.patmostours.com\/pt\/wp-json\/wp\/v2\/users\/1"}],"replies":[{"embeddable":true,"href":"https:\/\/www.patmostours.com\/pt\/wp-json\/wp\/v2\/comments?post=25"}],"version-history":[{"count":0,"href":"https:\/\/www.patmostours.com\/pt\/wp-json\/wp\/v2\/pages\/25\/revisions"}],"wp:attachment":[{"href":"https:\/\/www.patmostours.com\/pt\/wp-json\/wp\/v2\/media?parent=25"}],"wp:term":[{"taxonomy":"post_tag","embeddable":true,"href":"https:\/\/www.patmostours.com\/pt\/wp-json\/wp\/v2\/tags?post=25"}],"curies":[{"name":"wp","href":"https:\/\/api.w.org\/{rel}","templated":true}]}}