{"id":273,"date":"2012-12-10T21:52:34","date_gmt":"2012-12-10T19:52:34","guid":{"rendered":"http:\/\/www.patmostours.com\/es\/?page_id=273"},"modified":"2013-01-30T15:32:13","modified_gmt":"2013-01-30T13:32:13","slug":"la-pagina-principal","status":"publish","type":"page","link":"https:\/\/www.patmostours.com\/es\/","title":{"rendered":"La p\u00e1gina principal"},"content":{"rendered":"<div class=\"one-half\">\n<div class=\"anac\" style=\"margin: 0px 0px 10px 0px;\">\n<h4><\/h4>\n<h4 style=\"text-align: center;\">Tours de Patmos &amp; Excursiones de costas de Patmos<\/h4>\n<p><strong>1 &#8211; Tour de Patmos medio d<strong>\u00ed<\/strong>a &#8211; Monasterio de Patmos &amp; El tour de la cueva de San Juan<\/strong><a href=\"https:\/\/www.patmostours.com\/es\/tour-del-monasterio-y-cueva-de-san-juan-medio-dia.html\"><br \/>\n(Cueva del Apocalipsis, el Monasterio de San Juan)<\/a><\/p>\n<p style=\"text-align: justify;\"><strong>2 &#8211; Tour de Patmos medio d\u00eda \u2013 Tours de Patmos Esc\u00e9nicas<\/strong><a href=\"https:\/\/www.patmostours.com\/es\/tour-de-patmos-escenica-privado-medio-dia.html\"><br \/>\n(Cueva del Apocalipsis, Molinos de viento, Grikos, Kampos)<\/a><\/p>\n<p style=\"text-align: justify;\"><strong>3 &#8211; Tour de Patmos el d<strong>\u00ed<\/strong>a entero &#8211;\u00a0El tour de la isla Patmos<\/strong><a href=\"https:\/\/www.patmostours.com\/es\/el-tour-de-la-isla-patmos-todo-el-dia.html\"><br \/>\n(Cueva del Apocalipsis, el Monasterio de San Juan, la C\u00e1mara de Simandiris, Monasterio de las Monjas, Molinos de viento, Grikos, Kampos, Lambi)<\/a><\/p>\n<p style=\"text-align: justify;\"><strong>4 &#8211; Tour de Patmos el d<strong>\u00ed<\/strong>a entero &#8211;\u00a0Tours de Espritu de Patmos<\/strong><a href=\"https:\/\/www.patmostours.com\/es\/espritu-de-patmos-todo-el-dia.html\"><br \/>\n(Cueva del Apocalipsis, el Monasterio de San Juan, la C\u00e1mara de Simandiris, Grikos, comida griega tradicional con danzas folkloricos)<\/a><\/p>\n<p style=\"text-align: justify;\"><strong>5 &#8211; Tour de Patmos med<strong>\u00ed<\/strong>o d<strong>\u00ed<\/strong>a &#8211;\u00a0Tour de Patmos puntos destacados<\/strong><a href=\"https:\/\/www.patmostours.com\/es\/tour-de-patmos-puntos-destacados-medio-dia.html\"><br \/>\n(Cueva del Apocalipsis, el Monasterio de San Juan, la C\u00e1mara de Simandiris, Chora)<\/a><\/p>\n<p style=\"text-align: justify;\"><strong>6 &#8211; Tour de Patmos medio d<strong>\u00ed<\/strong>a &#8211; Tour de Patmos tres Monasterios <\/strong><a href=\"https:\/\/www.patmostours.com\/es\/patmos-tour-de-tries-iglesias-privado-medio-dia.html\"><br \/>\n(Monasterio de San Juan, la Cueva del Apocalipsis,Convento de Evangelismo)<\/a><\/p>\n<p style=\"text-align: justify;\"><strong>7 &#8211; \u00a0Tour de Patmos medio d<strong>\u00ed<\/strong>a -Tour de Patmos esencias de Iconos<\/strong><a href=\"https:\/\/www.patmostours.com\/es\/tour-privado-de-las-esencias-de-iconas-medio-dia.html\"><br \/>\n(Monasterio de San Juan, Zoodochos Pigi, taller de restauracion)<\/a><\/p>\n<p style=\"text-align: justify;\"><strong>8 &#8211; Tour de Patmos medio d<strong>\u00ed<\/strong>a \u2013 Tour de Patmos de Capillas remotas<\/strong><a href=\"https:\/\/www.patmostours.com\/es\/tour-de-patmos-de-capillas-remotas-medio-dia.html\"><br \/>\n(Capilla de Sikamia, la Capilla de la Virgen Mar\u00eda, la Capilla de San Nikoloas)<\/a><\/p>\n<p style=\"text-align: justify;\"><strong>9 &#8211; Tour de Patmos medio d<strong>\u00ed<\/strong>a &#8211; Tour de Patmos arte &amp; historia <\/strong><a href=\"https:\/\/www.patmostours.com\/es\/tour-privado-de-arte-historia-medio-dia.html\"><br \/>\n(Casa de Simandiris, Zoodochos Pigi, Nikolaidis Mansion, Chora paseo arquitect\u00f3nico)<\/a><\/p>\n<p style=\"text-align: justify;\"><strong>10-Tour de Patmos medio d<strong>\u00ed<\/strong>a \u2013 Tour de Patmos fotogr\u00e1ficos<\/strong><a href=\"https:\/\/www.patmostours.com\/es\/tour-de-fotografia-privada-medio-dia.html\"><br \/>\n(Chora, Ilias beneficio, Diakofti)<\/a><\/p>\n<p style=\"text-align: justify;\"><strong>11- Tour de Patmos medio d<strong>\u00ed<\/strong>a o dia entero- Tour de las playas de Patmos <\/strong><a href=\"https:\/\/www.patmostours.com\/es\/tour-de-playas-de-patmos-medio-dia-o-el-dia-entero.html\"><br \/>\n(Sol, el mar y el paisaje de Patmos)<\/a><\/p>\n<p style=\"text-align: justify;\"><strong>12- Tour de yate de Patmos de medio d<strong>\u00ed<\/strong>a &#8211; Paseo de bote en Patmos<\/strong><a href=\"https:\/\/www.patmostours.com\/es\/tour-de-yate-rivado-de-patmos-medio-o-el-dia-entero.html\"><br \/>\n(Las costas de Patmos, sol, mar y el paisaje, (FD tambi\u00e9n incluye el tour de las costas enteras)<strong><\/strong><\/a><\/p>\n<\/div>\n<h4 style=\"text-align: center;\">Tours de Patmos &amp; Excursiones de costas de Patmos<\/h4>\n<div class=\"kt\"><strong>1- Tour de Patmos medio d\u00eda <\/strong><br \/>\n<a href=\"https:\/\/www.patmostours.com\/es\/tour-del-monasterio-y-cueva-de-san-juan-medio-dia.html\"><img loading=\"lazy\" decoding=\"async\" class=\"alignnone  wp-image-16\" title=\"THE MONASTERY AND CAVE OF ST.JOHN TOUR\" src=\"https:\/\/www.patmostours.com\/es\/wp-content\/uploads\/2012\/09\/patmos-pictures-19.jpg\" alt=\"THE MONASTERY AND CAVE OF ST.JOHN TOUR\" width=\"150\" height=\"98\" \/><\/a><\/p>\n<p class=\"px\"><strong>El Monasterio y la Gruta de San Juan<\/strong><\/p>\n<p class=\"pp\"><em>Cueva del Apocalipsis, el Monasterio de San Juan<\/em><\/p>\n<p class=\"pb\"><a class=\"more-link bb\" href=\"https:\/\/www.patmostours.com\/es\/tour-del-monasterio-y-cueva-de-san-juan-medio-dia.html\">RESERVA YA<\/a><\/p>\n<\/div>\n<div class=\"kt\"><strong>2- Patmos el d\u00eda completo<\/strong><br \/>\n<a href=\"https:\/\/www.patmostours.com\/es\/espritu-de-patmos-todo-el-dia.html\"><img loading=\"lazy\" decoding=\"async\" class=\"alignnone  wp-image-17\" title=\"SPIRIT OF PATMOS TOUR\" src=\"https:\/\/www.patmostours.com\/es\/wp-content\/uploads\/2012\/09\/patmos-pictures-14.jpg\" alt=\"SPIRIT OF PATMOS TOUR\" width=\"150\" height=\"98\" \/><\/a><\/p>\n<p class=\"px\"><strong>Tours de Espritu de Patmos<\/strong><\/p>\n<p class=\"pp\"><em>Cueva del Apocalipsis, el Monasterio de San Juan, Casa de Simandiris<\/em><\/p>\n<p class=\"pb\"><a class=\"more-link bb\" href=\"https:\/\/www.patmostours.com\/es\/espritu-de-patmos-todo-el-dia.html\">RESERVA YA<\/a><\/p>\n<\/div>\n<div class=\"kt\"><strong>3- Tour de Patmos el dia entero<\/strong><br \/>\n<a href=\"https:\/\/www.patmostours.com\/es\/el-tour-de-la-isla-patmos-todo-el-dia.html\"><img loading=\"lazy\" decoding=\"async\" class=\"alignnone  wp-image-18\" title=\"PATMOS ISLAND TOUR\" src=\"https:\/\/www.patmostours.com\/es\/wp-content\/uploads\/2012\/12\/kambos-patmos.jpg\" alt=\"PATMOS ISLAND TOUR\" width=\"150\" height=\"98\" \/><\/a><\/p>\n<p class=\"px\"><strong>El tour de la isla Patmos<\/strong><\/p>\n<p class=\"pp\"><em>Cueva del Apocalipsis, el Monasterio de San Juan, la C\u00e1mara de Simandiris, Molinos de viento, el monasterio de las Monjas, Grikos, Kampos, Lambi<\/em><\/p>\n<p class=\"pb\"><a class=\"more-link bb\" href=\"https:\/\/www.patmostours.com\/es\/el-tour-de-la-isla-patmos-todo-el-dia.html\">RESERVA YA<\/a><\/p>\n<\/div>\n<div class=\"kt\"><strong>4-\u00a0Tour de Patmos medio d\u00eda<\/strong><br \/>\n<a href=\"https:\/\/www.patmostours.com\/es\/tour-de-patmos-escenica-privado-medio-dia.html\"><img loading=\"lazy\" decoding=\"async\" class=\"alignnone  wp-image-19\" title=\"PATMOS SCENIC TOUR\" src=\"https:\/\/www.patmostours.com\/es\/wp-content\/uploads\/2012\/12\/patmos4.jpg\" alt=\"PATMOS SCENIC TOUR\" width=\"150\" height=\"98\" \/><\/a><\/p>\n<p class=\"px\"><strong>Tours de Patmos Esc\u00e9nicas<\/strong><\/p>\n<p class=\"pp\"><em>Cueva de San Juan, el paisaje de Patmos<\/em><\/p>\n<p class=\"pb\"><a class=\"more-link bb\" href=\"https:\/\/www.patmostours.com\/es\/tour-de-patmos-escenica-privado-medio-dia.html\">RESERVA YA<\/a><\/p>\n<\/div>\n<div class=\"kt\"><strong>5-Tour de Patmos medio d\u00eda<\/strong><br \/>\n<a href=\"https:\/\/www.patmostours.com\/es\/tour-de-patmos-puntos-destacados-medio-dia.html\"><img loading=\"lazy\" decoding=\"async\" class=\"alignnone  wp-image-20\" title=\"PATMOS HIGHLIGHTS TOUR\" src=\"https:\/\/www.patmostours.com\/es\/wp-content\/uploads\/2012\/12\/Patmos1.jpg\" alt=\"PATMOS HIGHLIGHTS TOUR\" width=\"150\" height=\"98\" \/><\/a><\/p>\n<p class=\"px\"><strong>Tour de Patmos puntos destacados<\/strong><\/p>\n<p class=\"pp\"><em>Cueva del Apocalipsis, el Monasterio de San Juan y otros monasterios<\/em><\/p>\n<p class=\"pb\"><a class=\"more-link bb\" href=\"https:\/\/www.patmostours.com\/es\/tour-de-patmos-puntos-destacados-medio-dia.html\">RESERVA YA<\/a><\/p>\n<\/div>\n<div class=\"kt\"><strong>6-\u00a0Tour de Patmos medio d\u00eda<\/strong><br \/>\n<a href=\"https:\/\/www.patmostours.com\/es\/patmos-tour-de-tries-iglesias-privado-medio-dia.html\"><img loading=\"lazy\" decoding=\"async\" class=\"alignnone  wp-image-21\" title=\"Patmos Three Monastery Tour\" src=\"https:\/\/www.patmostours.com\/es\/wp-content\/uploads\/2012\/12\/st-john.jpg\" alt=\"Patmos Three Monastery Tour\" width=\"150\" height=\"98\" \/><\/a><\/p>\n<p class=\"px\"><strong>Tour de Patmos tres Monasterios<\/strong><\/p>\n<p class=\"pp\"><em>Convento de Evangelismo, Monasterio de San Juan, Museo del Monasterio, la cueva del Apocalipsis<\/em><\/p>\n<p class=\"pb\"><a class=\"more-link bb\" href=\"https:\/\/www.patmostours.com\/es\/patmos-tour-de-tries-iglesias-privado-medio-dia.html\">RESERVA YA<\/a><\/p>\n<\/div>\n<div class=\"kt\"><strong>7-\u00a0Tour de Patmos medio d\u00eda<\/strong><br \/>\n<a href=\"https:\/\/www.patmostours.com\/es\/tour-privado-de-las-esencias-de-iconas-medio-dia.html\"><img loading=\"lazy\" decoding=\"async\" class=\"alignnone  wp-image-22\" title=\"Patmos Essence of Icons Tour\" src=\"https:\/\/www.patmostours.com\/es\/wp-content\/uploads\/2012\/12\/John-the-Divine-in-Patmos.jpg\" alt=\"Patmos Essence of Icons Tour\" width=\"150\" height=\"98\" \/><\/a><\/p>\n<p class=\"px\"><strong>Tour de Patmos esencias de Iconos<\/strong><\/p>\n<p class=\"pp\"><em>El convento de la manantial de vida, Monasterio de San Juan, otros monasterios<\/em><\/p>\n<p class=\"pb\"><a class=\"more-link bb\" href=\"https:\/\/www.patmostours.com\/es\/tour-privado-de-las-esencias-de-iconas-medio-dia.html\">RESERVA YA<\/a><\/p>\n<\/div>\n<div class=\"kt\"><strong>8-\u00a0Tour de Patmos medio d\u00eda<\/strong><br \/>\n<a href=\"https:\/\/www.patmostours.com\/es\/tour-de-patmos-de-capillas-remotas-medio-dia.html\"><img loading=\"lazy\" decoding=\"async\" class=\"alignnone  wp-image-23\" title=\"Patmos Remote Chapels Tour\" src=\"https:\/\/www.patmostours.com\/es\/wp-content\/uploads\/2012\/12\/nicholas.jpg\" alt=\"Patmos Remote Chapels Tour\" width=\"150\" height=\"98\" \/><\/a><\/p>\n<p class=\"px\"><strong>Las Capillas remotas de la isla de Patmos<\/strong><\/p>\n<p class=\"pp\"><em>Paisajes de Patmos, vistas maravillosas, la Capilla de Sicamya<\/em><\/p>\n<p class=\"pb\"><a class=\"more-link bb\" href=\"https:\/\/www.patmostours.com\/es\/tour-de-patmos-de-capillas-remotas-medio-dia.html\">RESERVA YA<\/a><\/p>\n<\/div>\n<div class=\"kt\"><strong>9-\u00a0Tour de Patmos medio d\u00eda<\/strong><br \/>\n<a href=\"https:\/\/www.patmostours.com\/es\/art-history-tour-half-day.html\"><img loading=\"lazy\" decoding=\"async\" class=\"alignnone  wp-image-23\" title=\"Patmos Art &amp; History Tour \" src=\"https:\/\/www.patmostours.com\/es\/wp-content\/uploads\/2012\/12\/st-john1.jpg\" alt=\"Patmos Art &amp; History Tour \" width=\"150\" height=\"98\" \/><\/a><\/p>\n<p class=\"px\"><strong>Tour de historia &amp; Arte<\/strong><\/p>\n<p class=\"pp\"><em>Las calles de labirento de Chora, Casa de Simandiris, Convento de La <\/em><\/p>\n<p class=\"pb\"><a class=\"more-link bb\" href=\"https:\/\/www.patmostours.com\/es\/art-history-tour-half-day.html\">RESERVA YA<\/a><\/p>\n<\/div>\n<div class=\"kt\"><strong>10-\u00a0Tour de Patmos medio d\u00eda<\/strong><br \/>\n<a href=\"https:\/\/www.patmostours.com\/es\/tour-de-fotografia-privada-medio-dia.html\"><img loading=\"lazy\" decoding=\"async\" class=\"alignnone  wp-image-24\" title=\"Patmos Photographic Tours \" src=\"https:\/\/www.patmostours.com\/es\/wp-content\/uploads\/2012\/12\/churchh.jpg\" alt=\"Patmos Photographic Tours \" width=\"150\" height=\"98\" \/><\/a><\/p>\n<p class=\"px\"><strong>El tour de Patmos fotograficos<\/strong><\/p>\n<p class=\"pp\"><em>El antiguo pueblo de Chora, La monta\u00f1a de Illias lucro, patio Diakofti barco<\/em><\/p>\n<p class=\"pb\"><a class=\"more-link bb\" href=\"https:\/\/www.patmostours.com\/es\/tour-de-fotografia-privada-medio-dia.html\">RESERVA YA<\/a><\/p>\n<\/div>\n<div class=\"kt\"><strong>11-El d\u00eda completo de Patmos tour<\/strong><br \/>\n<a href=\"https:\/\/www.patmostours.com\/es\/tour-de-playas-de-patmos-medio-dia-o-el-dia-entero.html\"><img loading=\"lazy\" decoding=\"async\" class=\"alignnone  wp-image-25\" title=\"Patmos Beach Tour \" src=\"https:\/\/www.patmostours.com\/es\/wp-content\/uploads\/2012\/12\/s6.jpg\" alt=\"Patmos Beach Tour  \" width=\"150\" height=\"98\" \/><\/a><\/p>\n<p class=\"px\"><strong>El tour de las playas de Patmos<\/strong><\/p>\n<p class=\"pp\"><em>El sol y el mar de Patmos,playa de Kampos <\/em><\/p>\n<p class=\"pb\"><a class=\"more-link bb\" href=\"https:\/\/www.patmostours.com\/es\/tour-de-playas-de-patmos-medio-dia-o-el-dia-entero.html\">RESERVA YA<\/a><\/p>\n<\/div>\n<div class=\"kt\"><strong>12-El d\u00eda completo de Patmos tour<\/strong><br \/>\n<a href=\"https:\/\/www.patmostours.com\/es\/tour-de-yate-rivado-de-patmos-medio-o-el-dia-entero.html\"><img loading=\"lazy\" decoding=\"async\" class=\"alignnone  wp-image-26\" title=\"Boat Trip in Patmos \" src=\"https:\/\/www.patmostours.com\/es\/wp-content\/uploads\/2012\/12\/boat-tour.jpg\" alt=\"Boat Trip in Patmos  \" width=\"150\" height=\"98\" \/><\/a><\/p>\n<p class=\"px\"><strong>La excurcion de Patmos con el yate<\/strong><\/p>\n<p class=\"pp\"><em>El sol y el mar de Patmos, paisaje y vida silvestre, \u00e1rea Apolou (si el tiempo lo permite), Tiganakia \/ Aspronissia (con viaje de todo el d\u00eda)<\/em><\/p>\n<p class=\"pb\"><a class=\"more-link bb\" href=\"https:\/\/www.patmostours.com\/es\/tour-de-yate-rivado-de-patmos-medio-o-el-dia-entero.html\">RESERVA YA<\/a><\/p>\n<\/div>\n<div class=\"kt\"><\/div>\n<div class=\"clearfix\"><\/div>\n<p>&nbsp;<\/p>\n<p><\/div><div class=\"one-half-last\"><\/p>\n<div style=\"margin-top: -18px;\">\n<h4 style=\"text-align: center;\">Fotos de Patmos<\/h4>\n<p><iframe loading=\"lazy\" style=\"margin-top: -18px;\" src=\"https:\/\/www.patmostours.com\/es\/slayt2.php\" frameborder=\"0\" scrolling=\"no\" width=\"452\" height=\"546\"><\/iframe><\/p>\n<\/div>\n<h4 style=\"text-align: center;\">Tours de paquetes de Grecia<\/h4>\n<table class=\"anac\" style=\"margin-top: 1px;\" cellspacing=\"10\">\n<tbody>\n<tr>\n<td><a href=\"https:\/\/www.patmostours.com\/es\/capturar-grecia.html\"><img loading=\"lazy\" decoding=\"async\" class=\"alignleft  wp-image-83\" title=\"Capturar Grec\u00e1\" src=\"https:\/\/www.patmostours.com\/es\/wp-content\/uploads\/2012\/09\/capture-greece.jpg\" alt=\"Capturar Grec\u00e1\" width=\"140\" height=\"93\" \/><\/a><\/td>\n<td><a href=\"https:\/\/www.patmostours.com\/es\/la-perla-negra-de-egea.html\"><img loading=\"lazy\" decoding=\"async\" class=\"alignleft  wp-image-84\" title=\"La Perla Negra de Egea\" src=\"https:\/\/www.patmostours.com\/es\/wp-content\/uploads\/2012\/09\/black-pearl-of-the-aegean.jpg\" alt=\"La Perla Negra de Egea\" width=\"140\" height=\"93\" \/><\/a><\/td>\n<td><a href=\"https:\/\/www.patmostours.com\/es\/harmonia-griega.html\"><img loading=\"lazy\" decoding=\"async\" class=\"alignleft  wp-image-85\" title=\"Harmonia Griega\" src=\"https:\/\/www.patmostours.com\/es\/wp-content\/uploads\/2012\/09\/greek-harmony.jpg\" alt=\"Harmonia Griega\" width=\"140\" height=\"93\" \/><\/a><\/td>\n<\/tr>\n<tr>\n<td><a href=\"https:\/\/www.patmostours.com\/es\/tesoros-de-las-islas-griegas.html\"><img loading=\"lazy\" decoding=\"async\" class=\"alignleft  wp-image-86\" title=\"TESOROS DE LAS ISLAS GRIEGAS\" src=\"https:\/\/www.patmostours.com\/es\/wp-content\/uploads\/2012\/09\/treasures-of-greek-islands.jpg\" alt=\"TESOROS DE LAS ISLAS GRIEGAS\" width=\"140\" height=\"93\" \/><\/a><\/td>\n<td><a href=\"https:\/\/www.patmostours.com\/es\/historia-magestuosa.html\"><img loading=\"lazy\" decoding=\"async\" class=\"alignleft  wp-image-87\" title=\"HISTORIA MAGESTUOSA\" src=\"https:\/\/www.patmostours.com\/es\/wp-content\/uploads\/2012\/09\/majestic-history.jpg\" alt=\"Historia Magestuosa\" width=\"140\" height=\"93\" \/><\/a><\/td>\n<td><a href=\"https:\/\/www.patmostours.com\/es\/tour-de-cycladia-aventura.html\"><img loading=\"lazy\" decoding=\"async\" class=\"alignleft  wp-image-88\" title=\"Tour de Cycladia Aventura\" src=\"https:\/\/www.patmostours.com\/es\/wp-content\/uploads\/2012\/09\/cycladic-adventure.jpg\" alt=\"\" width=\"140\" height=\"93\" \/><\/a><\/td>\n<\/tr>\n<tr>\n<td><a href=\"https:\/\/www.patmostours.com\/es\/puerta-de-luna-de-miel.html\"><img loading=\"lazy\" decoding=\"async\" class=\"alignleft size-full wp-image-95\" title=\"Puerta de Luna de Miel\" src=\"https:\/\/www.patmostours.com\/es\/wp-content\/uploads\/2012\/09\/honeymoon-gateway.jpg\" alt=\"Puerta de Luna de Miel\" width=\"140\" height=\"93\" srcset=\"https:\/\/www.patmostours.com\/es\/wp-content\/uploads\/2012\/09\/honeymoon-gateway.jpg 140w, https:\/\/www.patmostours.com\/es\/wp-content\/uploads\/2012\/09\/honeymoon-gateway-135x90.jpg 135w\" sizes=\"auto, (max-width: 140px) 100vw, 140px\" \/><\/a><\/td>\n<td><a href=\"https:\/\/www.patmostours.com\/es\/brisa-del-mar.html\"><img loading=\"lazy\" decoding=\"async\" class=\"alignleft size-full wp-image-96\" title=\"Brisa Del Mar\" src=\"https:\/\/www.patmostours.com\/es\/wp-content\/uploads\/2012\/09\/sea-breeze.jpg\" alt=\"Brisa Del Mar\" width=\"140\" height=\"93\" srcset=\"https:\/\/www.patmostours.com\/es\/wp-content\/uploads\/2012\/09\/sea-breeze.jpg 140w, https:\/\/www.patmostours.com\/es\/wp-content\/uploads\/2012\/09\/sea-breeze-135x90.jpg 135w\" sizes=\"auto, (max-width: 140px) 100vw, 140px\" \/><\/a><\/td>\n<td><a href=\"https:\/\/www.patmostours.com\/es\/escapada-romantica.html\"><img loading=\"lazy\" decoding=\"async\" class=\"alignleft size-full wp-image-97\" title=\"Escapada Romantica\" src=\"https:\/\/www.patmostours.com\/es\/wp-content\/uploads\/2012\/09\/romantic-escape.jpg\" alt=\"Escapada Romantica\" width=\"140\" height=\"93\" srcset=\"https:\/\/www.patmostours.com\/es\/wp-content\/uploads\/2012\/09\/romantic-escape.jpg 140w, https:\/\/www.patmostours.com\/es\/wp-content\/uploads\/2012\/09\/romantic-escape-135x90.jpg 135w\" sizes=\"auto, (max-width: 140px) 100vw, 140px\" \/><\/a><\/td>\n<\/tr>\n<\/tbody>\n<\/table>\n<h4 style=\"text-align: center;\">Bienvenidosa a la pagina de web de Patmos Tour<\/h4>\n<div class=\"box\"><\/p>\n<p style=\"text-align: justify;\">Patmos se encuentra entre Leros y Ikeria. La isla cuenta con hermosas casas blancas con forma de cubo que se derraman por las laderas de una colina. Nadie puede describir el esp\u00edritu de la tierra en esta isla. El agua que revive y el sol te hace sentir \u00fanico. Podr\u00e1 admirar y disfrutar de su belleza y serenidad.<\/p>\n<p style=\"text-align: justify;\">Skala es el principal puerto y el asentamiento en Patmos, con sus casas particulares que les\u00a0 caracteriza encaladas blaca nieve y patios floridos. Muchos curuceros y barcos llegan a Skala a lo largo del \u00a0a\u00f1o. El transporte es muy f\u00e1cil a las otras islas desde Skala.<\/p>\n<p style=\"text-align: justify;\">Patmos tiene un ambiente muy espiritual debido a su trasfondo religioso. La isla es un destino muy popular de peregrinaci\u00f3n Cristiana, como la cueva donde San Juan recibi\u00f3 la Revelaci\u00f3n y varios monasterios dedicados a San Juan que se encuentran aqu\u00ed. San Juan escribi\u00f3 el Apocalipsis en una cueva peque\u00f1a que se puede visitar hoy en d\u00eda todavia, as\u00ed como el Monasterio de San Juan. El monasterio se encuentra en una colina por encima de Chora, que es l a capital de la isla de Patmos.<\/p>\n<p style=\"text-align: justify;\">Los \u00a0Monasterio de San Juan, Apocalipsis y la Capilla de Santa Ana son las principales atracciones tur\u00edsticas de Patmos. Para llegar \u00a0al de Monasterio de San Juan hay una larga caminata cuesta arriba desde el puerto de Skala y hay algunos escalones en la entrada. La peque\u00f1a iglesia tiene hermosas pinturas murales y iconos espectaculares. El museo es un sitio para contemplar con una mezcla maravillosa de las reliquias y los iconos. El Monasterio de Apocalipsis es fascinante, con todo sus escaleras y pasillos. La vista de la bah\u00eda desde monasterio es inolvidable. La Capilla de Santa Ana fue construida alrededor de la cueva.<\/p>\n<p style=\"text-align: justify;\">Las playas m\u00e1s populares son Agriolivado y Geraniou Kampos. Tambi\u00e9n puede descubrir un mont\u00f3n de calas de la isla. Muchos festivales religiosos se organizan en verano y atraen a muchos visitantes.<\/p>\n<p style=\"text-align: justify;\">Patmos es un s\u00edmbolo de la fe y de la comunicaci\u00f3n con Dios, es hoy un polo de atracci\u00f3n para los monjes de todo el mundo.<\/p>\n<p><\/div>\n<p><\/div><\/p>\n<p><img loading=\"lazy\" decoding=\"async\" class=\"wp-image-426 aligncenter\" title=\"follow_us\" src=\"https:\/\/www.patmostours.com\/es\/wp-content\/uploads\/2012\/12\/20001012_bnnr_follow_us_large.jpg\" alt=\"\" width=\"462\" height=\"163\" \/><\/p>\n","protected":false},"excerpt":{"rendered":"","protected":false},"author":1,"featured_media":0,"parent":0,"menu_order":0,"comment_status":"open","ping_status":"closed","template":"page-no-comments.php","meta":{"footnotes":""},"tags":[118,130,123,124,116,121,117,127,29,114,115,125,120,129,113,119,128,47,122,126,112],"class_list":["post-273","page","type-page","status-publish","hentry","tag-acerca-isla-de-patmos","tag-el-espiritu-de-patmos","tag-el-libro-de-apocalipsis","tag-el-monasterio-de-san-juan-el-teologo","tag-el-monasterio-de-san-juan-tour","tag-el-monasterio-y-la-cueva-de-san-juan","tag-grecia-horarios-ferry","tag-grecia-tours-paquetes","tag-hoteles-patmos","tag-isla-de-san-juan-evangelista","tag-la-cueva-de-san-juan-gira","tag-la-sagrada-gruta-del-apocalipsis","tag-patmos-excursiones-por-la-costa","tag-patmos-full-day-tour-a-la-isla","tag-patmos-holy-island-tour","tag-patmos-mapa","tag-patmos-scenic-turistica","tag-patmos-tour-en-grecia","tag-san-juan-tours-apocalyptis","tag-skala-patmos-harbour","tag-tours-patmos-en-grecia"],"aioseo_notices":[],"_links":{"self":[{"href":"https:\/\/www.patmostours.com\/es\/wp-json\/wp\/v2\/pages\/273","targetHints":{"allow":["GET"]}}],"collection":[{"href":"https:\/\/www.patmostours.com\/es\/wp-json\/wp\/v2\/pages"}],"about":[{"href":"https:\/\/www.patmostours.com\/es\/wp-json\/wp\/v2\/types\/page"}],"author":[{"embeddable":true,"href":"https:\/\/www.patmostours.com\/es\/wp-json\/wp\/v2\/users\/1"}],"replies":[{"embeddable":true,"href":"https:\/\/www.patmostours.com\/es\/wp-json\/wp\/v2\/comments?post=273"}],"version-history":[{"count":0,"href":"https:\/\/www.patmostours.com\/es\/wp-json\/wp\/v2\/pages\/273\/revisions"}],"wp:attachment":[{"href":"https:\/\/www.patmostours.com\/es\/wp-json\/wp\/v2\/media?parent=273"}],"wp:term":[{"taxonomy":"post_tag","embeddable":true,"href":"https:\/\/www.patmostours.com\/es\/wp-json\/wp\/v2\/tags?post=273"}],"curies":[{"name":"wp","href":"https:\/\/api.w.org\/{rel}","templated":true}]}}